{"id":12,"date":"2025-03-22T08:21:22","date_gmt":"2025-03-22T08:21:22","guid":{"rendered":"https:\/\/finans-partner.se\/?page_id=12"},"modified":"2026-01-23T20:29:45","modified_gmt":"2026-01-23T19:29:45","slug":"factoring","status":"publish","type":"page","link":"https:\/\/finans-partner.se\/en\/factoring\/","title":{"rendered":"Factoring"},"content":{"rendered":"<h1><!--StartFragment --><\/p>\n<p style=\"text-align: left;\">Factoring \u2013 f\u00f6rb\u00e4ttra kassafl\u00f6det med snabb finansiering<\/p>\n<p><!--EndFragment --><\/h1>\n<div><!--StartFragment --><\/p>\n<p style=\"text-align: left;\">Factoring \u00e4r en flexibel finansieringsl\u00f6sning d\u00e4r du som f\u00f6retagare f\u00e5r betalt f\u00f6r dina kundfakturor direkt, utan att beh\u00f6va v\u00e4nta 30\u201390 dagar p\u00e5 betalning.<\/p>\n<p style=\"text-align: left;\">Genom att frig\u00f6ra kapital omedelbart st\u00e4rker du f\u00f6retagets likviditet och skapar utrymme att v\u00e4xa, investera eller hantera l\u00f6pande kostnader.<\/p>\n<p style=\"text-align: left;\"><strong>Factoring via Finans Partner inneb\u00e4r:<\/strong><\/p>\n<ul style=\"text-align: left;\">\n<li>100\u202f% av fakturabeloppet utbetalt direkt<\/li>\n<li>Du slipper administration, p\u00e5minnelser och inkassohantering<\/li>\n<li>Du frig\u00f6r tid och resurser till din k\u00e4rnverksamhet<\/li>\n<\/ul>\n<p style=\"text-align: left;\">Vi erbjuder factoring med och utan regress \u2013 beroende p\u00e5 om du vill beh\u00e5lla kreditrisken eller \u00f6verl\u00e5ta den till oss.<\/p>\n<p><!--EndFragment --><\/div>\n<p><a href=\"https:\/\/finans-partner.se\/salja-faktura\/\"><img decoding=\"async\" src=\"\/wp-content\/uploads\/about-hero.svg\" alt=\"CMS-gr\u00e4nssnitt f\u00f6r bildredigering och svensk webbsida om fakturak\u00f6p och factoring \"><\/a><\/p>\n<div>\n<h3 data-start=\"892\" data-end=\"919\" class=\"\">F\u00f6rdelar med Factoring:<\/h3>\n<ul data-start=\"921\" data-end=\"1280\">\n<li data-start=\"921\" data-end=\"1004\" class=\"\">\n<p data-start=\"923\" data-end=\"1004\" class=\"\"><strong data-start=\"923\" data-end=\"943\">Snabb likviditet<\/strong> \u2013 F\u00e5 betalt direkt och anv\u00e4nd pengarna d\u00e4r de beh\u00f6vs mest.<\/p>\n<\/li>\n<li data-start=\"1005\" data-end=\"1096\" class=\"\">\n<p data-start=\"1007\" data-end=\"1096\" class=\"\"><strong data-start=\"1007\" data-end=\"1032\">Mindre administration<\/strong> \u2013 Vi hanterar utskick, p\u00e5minnelser och betalningsuppf\u00f6ljning.<\/p>\n<\/li>\n<li data-start=\"1097\" data-end=\"1197\" class=\"\">\n<p data-start=\"1099\" data-end=\"1197\" class=\"\"><strong data-start=\"1099\" data-end=\"1115\">Minskad risk<\/strong> \u2013 V\u00e4lj factoring utan regress och slipp oroa dig f\u00f6r kundens betalningsf\u00f6rm\u00e5ga.<\/p>\n<\/li>\n<li data-start=\"1198\" data-end=\"1280\" class=\"\">\n<p data-start=\"1200\" data-end=\"1280\" class=\"\"><strong data-start=\"1200\" data-end=\"1221\">B\u00e4ttre kassafl\u00f6de<\/strong> \u2013 Stabilare ekonomi och b\u00e4ttre f\u00f6ruts\u00e4ttningar att v\u00e4xa.<\/p>\n<\/li>\n<\/ul>\n<\/div>\n<h2>Trygghet i din vardag<\/h2>\n<div>\n<p>Med factoring vet du exakt n\u00e4r pengarna kommer in, vilket ger dig st\u00f6rre kontroll \u00f6ver f\u00f6retagets ekonomi. Du slipper ovissheten kring sena betalningar och kan planera verksamheten mer effektivt, oavsett om det g\u00e4ller investeringar, ink\u00f6p eller l\u00f6ner.<\/p>\n<\/div>\n<p><!--more--><br \/>\n<!-- {\"type\":\"layout\",\"children\":[{\"name\":\"Hero\",\"type\":\"section\",\"props\":{\"animation\":\"fade\",\"image\":\"wp-content\\\/uploads\\\/about-hero-bg.svg\",\"image_loading\":true,\"image_position\":\"center-center\",\"image_width\":\"1300\",\"padding\":\"large\",\"padding_remove_top\":false,\"style\":\"default\",\"title_breakpoint\":\"xl\",\"title_position\":\"top-left\",\"title_rotation\":\"left\",\"vertical_align\":\"\",\"width\":\"large\"},\"children\":[{\"type\":\"row\",\"props\":{\"column_gap\":\"large\",\"layout\":\"1-2,1-2\",\"row_gap\":\"large\"},\"children\":[{\"type\":\"column\",\"props\":{\"image_position\":\"center-center\",\"position_sticky_breakpoint\":\"m\",\"vertical_align\":\"middle\",\"width_medium\":\"1-2\"},\"children\":[{\"type\":\"headline\",\"props\":{\"content\":\"<!--StartFragment -->\\n<\/p>\n<p style=\\\"text-align: left;\\\">Factoring \\u2013 f\\u00f6rb\\u00e4ttra kassafl\\u00f6det med snabb finansiering<\\\/p>\\n<!--EndFragment -->&#8221;,&#8221;maxwidth&#8221;:&#8221;xlarge&#8221;,&#8221;maxwidth_breakpoint&#8221;:&#8221;m&#8221;,&#8221;text_align&#8221;:&#8221;right&#8221;,&#8221;text_align_breakpoint&#8221;:&#8221;m&#8221;,&#8221;title_element&#8221;:&#8221;h1&#8243;,&#8221;title_style&#8221;:&#8221;heading-medium&#8221;}},{&#8221;type&#8221;:&#8221;headline&#8221;,&#8221;props&#8221;:{&#8221;content&#8221;:&#8221;<!--StartFragment -->\\n<\/p>\n<p style=\\\"text-align: left;\\\">Factoring \\u00e4r en flexibel finansieringsl\\u00f6sning d\\u00e4r du som f\\u00f6retagare f\\u00e5r betalt f\\u00f6r dina kundfakturor direkt, utan att beh\\u00f6va v\\u00e4nta 30\\u201390 dagar p\\u00e5 betalning.<\\\/p>\\n<\/p>\n<p style=\\\"text-align: left;\\\">Genom att frig\\u00f6ra kapital omedelbart st\\u00e4rker du f\\u00f6retagets likviditet och skapar utrymme att v\\u00e4xa, investera eller hantera l\\u00f6pande kostnader.<\\\/p>\\n<\/p>\n<p style=\\\"text-align: left;\\\"><strong>Factoring via Finans Partner inneb\\u00e4r:<\\\/strong><\\\/p>\\n<\/p>\n<ul style=\\\"text-align: left;\\\">\\n<\/p>\n<li>100\\u202f% av fakturabeloppet utbetalt direkt<\\\/li>\\n\n<li>Du slipper administration, p\\u00e5minnelser och inkassohantering<\\\/li>\\n\n<li>Du frig\\u00f6r tid och resurser till din k\\u00e4rnverksamhet<\\\/li>\\n<\\\/ul>\\n\n<p style=\\\"text-align: left;\\\">Vi erbjuder factoring med och utan regress \\u2013 beroende p\\u00e5 om du vill beh\\u00e5lla kreditrisken eller \\u00f6verl\\u00e5ta den till oss.<\\\/p>\\n<!--EndFragment -->&#8221;,&#8221;maxwidth&#8221;:&#8221;xlarge&#8221;,&#8221;maxwidth_breakpoint&#8221;:&#8221;m&#8221;,&#8221;text_align&#8221;:&#8221;right&#8221;,&#8221;text_align_breakpoint&#8221;:&#8221;m&#8221;,&#8221;title_element&#8221;:&#8221;div&#8221;,&#8221;title_style&#8221;:&#8221;h4&#8243;}}]},{&#8221;type&#8221;:&#8221;column&#8221;,&#8221;props&#8221;:{&#8221;image_position&#8221;:&#8221;center-center&#8221;,&#8221;position_sticky_breakpoint&#8221;:&#8221;m&#8221;,&#8221;width_medium&#8221;:&#8221;1-2&#8243;},&#8221;children&#8221;:[{&#8221;type&#8221;:&#8221;image&#8221;,&#8221;props&#8221;:{&#8221;block_align&#8221;:&#8221;center&#8221;,&#8221;image&#8221;:&#8221;wp-content\\\/uploads\\\/about-hero.svg&#8221;,&#8221;image_alt&#8221;:&#8221;CMS-gr\\u00e4nssnitt f\\u00f6r bildredigering och svensk webbsida om fakturak\\u00f6p och factoring &#8221;,&#8221;image_loading&#8221;:true,&#8221;image_svg_color&#8221;:&#8221;emphasis&#8221;,&#8221;image_svg_inline&#8221;:true,&#8221;link&#8221;:&#8221;https:\\\/\\\/finans-partner.se\\\/salja-faktura\\\/&#8221;,&#8221;margin&#8221;:&#8221;default&#8221;,&#8221;maxwidth_breakpoint&#8221;:&#8221;l&#8221;,&#8221;text_align&#8221;:&#8221;left&#8221;,&#8221;text_align_breakpoint&#8221;:&#8221;m&#8221;,&#8221;text_align_fallback&#8221;:&#8221;center&#8221;}},{&#8221;type&#8221;:&#8221;text&#8221;,&#8221;props&#8221;:{&#8221;column_breakpoint&#8221;:&#8221;m&#8221;,&#8221;content&#8221;:&#8221;<\/p>\n<h3 data-start=\\\"892\\\" data-end=\\\"919\\\" class=\\\"\\\">F\\u00f6rdelar med Factoring:<\\\/h3>\\n<\/p>\n<ul data-start=\\\"921\\\" data-end=\\\"1280\\\">\\n<\/p>\n<li data-start=\\\"921\\\" data-end=\\\"1004\\\" class=\\\"\\\">\\n\n<p data-start=\\\"923\\\" data-end=\\\"1004\\\" class=\\\"\\\"><strong data-start=\\\"923\\\" data-end=\\\"943\\\">Snabb likviditet<\\\/strong> \\u2013 F\\u00e5 betalt direkt och anv\\u00e4nd pengarna d\\u00e4r de beh\\u00f6vs mest.<\\\/p>\\n<\\\/li>\\n<\/p>\n<li data-start=\\\"1005\\\" data-end=\\\"1096\\\" class=\\\"\\\">\\n\n<p data-start=\\\"1007\\\" data-end=\\\"1096\\\" class=\\\"\\\"><strong data-start=\\\"1007\\\" data-end=\\\"1032\\\">Mindre administration<\\\/strong> \\u2013 Vi hanterar utskick, p\\u00e5minnelser och betalningsuppf\\u00f6ljning.<\\\/p>\\n<\\\/li>\\n<\/p>\n<li data-start=\\\"1097\\\" data-end=\\\"1197\\\" class=\\\"\\\">\\n\n<p data-start=\\\"1099\\\" data-end=\\\"1197\\\" class=\\\"\\\"><strong data-start=\\\"1099\\\" data-end=\\\"1115\\\">Minskad risk<\\\/strong> \\u2013 V\\u00e4lj factoring utan regress och slipp oroa dig f\\u00f6r kundens betalningsf\\u00f6rm\\u00e5ga.<\\\/p>\\n<\\\/li>\\n<\/p>\n<li data-start=\\\"1198\\\" data-end=\\\"1280\\\" class=\\\"\\\">\\n\n<p data-start=\\\"1200\\\" data-end=\\\"1280\\\" class=\\\"\\\"><strong data-start=\\\"1200\\\" data-end=\\\"1221\\\">B\\u00e4ttre kassafl\\u00f6de<\\\/strong> \\u2013 Stabilare ekonomi och b\\u00e4ttre f\\u00f6ruts\\u00e4ttningar att v\\u00e4xa.<\\\/p>\\n<\\\/li>\\n<\\\/ul>&#8221;,&#8221;margin&#8221;:&#8221;medium&#8221;,&#8221;maxwidth&#8221;:&#8221;xlarge&#8221;,&#8221;maxwidth_breakpoint&#8221;:&#8221;m&#8221;}}]}]}]},{&#8221;name&#8221;:&#8221;Team&#8221;,&#8221;type&#8221;:&#8221;section&#8221;,&#8221;props&#8221;:{&#8221;animation&#8221;:&#8221;fade&#8221;,&#8221;animation_delay&#8221;:&#8221;200&#8243;,&#8221;id&#8221;:&#8221;team&#8221;,&#8221;image&#8221;:&#8221;wp-content\\\/uploads\\\/about-team-bg.svg&#8221;,&#8221;image_position&#8221;:&#8221;top-left&#8221;,&#8221;image_width&#8221;:&#8221;1800&#8243;,&#8221;padding&#8221;:&#8221;xlarge&#8221;,&#8221;padding_remove_top&#8221;:false,&#8221;style&#8221;:&#8221;default&#8221;,&#8221;title_breakpoint&#8221;:&#8221;xl&#8221;,&#8221;title_position&#8221;:&#8221;top-left&#8221;,&#8221;title_rotation&#8221;:&#8221;left&#8221;,&#8221;vertical_align&#8221;:&#8221;&#8221;,&#8221;width&#8221;:&#8221;large&#8221;},&#8221;children&#8221;:[{&#8221;type&#8221;:&#8221;row&#8221;,&#8221;children&#8221;:[{&#8221;type&#8221;:&#8221;column&#8221;,&#8221;props&#8221;:{&#8221;image_position&#8221;:&#8221;center-center&#8221;,&#8221;position_sticky_breakpoint&#8221;:&#8221;m&#8221;,&#8221;width_medium&#8221;:&#8221;1-1&#8243;},&#8221;children&#8221;:[{&#8221;type&#8221;:&#8221;headline&#8221;,&#8221;props&#8221;:{&#8221;content&#8221;:&#8221;Trygghet i din vardag&#8221;,&#8221;title_element&#8221;:&#8221;h2&#8243;,&#8221;title_style&#8221;:&#8221;h1&#8243;}},{&#8221;type&#8221;:&#8221;text&#8221;,&#8221;props&#8221;:{&#8221;column_breakpoint&#8221;:&#8221;m&#8221;,&#8221;content&#8221;:&#8221;<\/p>\n<p>Med factoring vet du exakt n\\u00e4r pengarna kommer in, vilket ger dig st\\u00f6rre kontroll \\u00f6ver f\\u00f6retagets ekonomi. Du slipper ovissheten kring sena betalningar och kan planera verksamheten mer effektivt, oavsett om det g\\u00e4ller investeringar, ink\\u00f6p eller l\\u00f6ner.<\\\/p>&#8221;,&#8221;margin&#8221;:&#8221;medium&#8221;,&#8221;maxwidth&#8221;:&#8221;xlarge&#8221;}}]}]}]}],&#8221;version&#8221;:&#8221;4.5.17&#8243;} &#8211;><\/p>\n","protected":false},"excerpt":{"rendered":"<p>Factoring \u2013 f\u00f6rb\u00e4ttra kassafl\u00f6det med snabb finansiering Factoring \u00e4r en flexibel finansieringsl\u00f6sning d\u00e4r du som f\u00f6retagare f\u00e5r betalt f\u00f6r dina kundfakturor direkt, utan att beh\u00f6va v\u00e4nta 30\u201390 dagar p\u00e5 betalning. Genom att frig\u00f6ra kapital omedelbart st\u00e4rker du f\u00f6retagets likviditet och skapar utrymme att v\u00e4xa, investera eller hantera l\u00f6pande kostnader. Factoring via Finans Partner inneb\u00e4r: 100\u202f% [&hellip;]<\/p>\n","protected":false},"author":1,"featured_media":0,"parent":0,"menu_order":0,"comment_status":"closed","ping_status":"closed","template":"","meta":{"footnotes":""},"class_list":["post-12","page","type-page","status-publish","hentry"],"yoast_head":"<!-- This site is optimized with the Yoast SEO Premium plugin v24.6 (Yoast SEO v27.4) - https:\/\/yoast.com\/product\/yoast-seo-premium-wordpress\/ -->\n<title>Factoring - Finans-partner.se Fakturak\u00f6p S\u00e4lja faktura<\/title>\n<meta name=\"description\" content=\"S\u00e4lj fakturan snabbt med factoring. F\u00e5 betalt samma dag \u2013 tryggt, enkelt och utan bindningstid. Kontakta Finans Partner.\" \/>\n<meta name=\"robots\" content=\"index, follow, max-snippet:-1, max-image-preview:large, max-video-preview:-1\" \/>\n<link rel=\"canonical\" href=\"https:\/\/finans-partner.se\/en\/factoring\/\" \/>\n<meta property=\"og:locale\" content=\"en_GB\" \/>\n<meta property=\"og:type\" content=\"article\" \/>\n<meta property=\"og:title\" content=\"Factoring s\u00e4lja faktura fakturak\u00f6p\" \/>\n<meta property=\"og:description\" content=\"S\u00e4lj fakturan snabbt med factoring. F\u00e5 betalt samma dag \u2013 tryggt, enkelt och utan bindningstid. Kontakta Finans Partner.\" \/>\n<meta property=\"og:url\" content=\"https:\/\/finans-partner.se\/en\/factoring\/\" \/>\n<meta property=\"og:site_name\" content=\"Finans-partner.se\" \/>\n<meta property=\"article:publisher\" content=\"https:\/\/www.facebook.com\/profile.php?id=61573561375889\" \/>\n<meta property=\"article:modified_time\" content=\"2026-01-23T19:29:45+00:00\" \/>\n<meta property=\"og:image\" content=\"https:\/\/finans-partner.se\/wp-content\/uploads\/2025\/03\/cropped-LOGO-FINANS-PARTNER-v2.0.png\" \/>\n\t<meta property=\"og:image:width\" content=\"512\" \/>\n\t<meta property=\"og:image:height\" content=\"512\" \/>\n\t<meta property=\"og:image:type\" content=\"image\/png\" \/>\n<meta name=\"twitter:card\" content=\"summary_large_image\" \/>\n<meta name=\"twitter:label1\" content=\"Estimated reading time\" \/>\n\t<meta name=\"twitter:data1\" content=\"3 minutes\" \/>\n<script type=\"application\/ld+json\" class=\"yoast-schema-graph\">{\"@context\":\"https:\\\/\\\/schema.org\",\"@graph\":[{\"@type\":\"WebPage\",\"@id\":\"https:\\\/\\\/finans-partner.se\\\/factoring\\\/\",\"url\":\"https:\\\/\\\/finans-partner.se\\\/factoring\\\/\",\"name\":\"Factoring - Finans-partner.se Fakturak\u00f6p S\u00e4lja faktura\",\"isPartOf\":{\"@id\":\"https:\\\/\\\/finans-partner.se\\\/#website\"},\"datePublished\":\"2025-03-22T08:21:22+00:00\",\"dateModified\":\"2026-01-23T19:29:45+00:00\",\"description\":\"S\u00e4lj fakturan snabbt med factoring. F\u00e5 betalt samma dag \u2013 tryggt, enkelt och utan bindningstid. Kontakta Finans Partner.\",\"breadcrumb\":{\"@id\":\"https:\\\/\\\/finans-partner.se\\\/factoring\\\/#breadcrumb\"},\"inLanguage\":\"en-GB\",\"potentialAction\":[{\"@type\":\"ReadAction\",\"target\":[\"https:\\\/\\\/finans-partner.se\\\/factoring\\\/\"]}]},{\"@type\":\"BreadcrumbList\",\"@id\":\"https:\\\/\\\/finans-partner.se\\\/factoring\\\/#breadcrumb\",\"itemListElement\":[{\"@type\":\"ListItem\",\"position\":1,\"name\":\"Home\",\"item\":\"https:\\\/\\\/finans-partner.se\\\/\"},{\"@type\":\"ListItem\",\"position\":2,\"name\":\"Factoring\"}]},{\"@type\":\"WebSite\",\"@id\":\"https:\\\/\\\/finans-partner.se\\\/#website\",\"url\":\"https:\\\/\\\/finans-partner.se\\\/\",\"name\":\"Finans Partner\",\"description\":\"S\u00e4lj dina fakturor snabbt och enkelt med Finans Partner.\",\"publisher\":{\"@id\":\"https:\\\/\\\/finans-partner.se\\\/#organization\"},\"alternateName\":\"Finans Partner\",\"potentialAction\":[{\"@type\":\"SearchAction\",\"target\":{\"@type\":\"EntryPoint\",\"urlTemplate\":\"https:\\\/\\\/finans-partner.se\\\/?s={search_term_string}\"},\"query-input\":{\"@type\":\"PropertyValueSpecification\",\"valueRequired\":true,\"valueName\":\"search_term_string\"}}],\"inLanguage\":\"en-GB\"},{\"@type\":\"Organization\",\"@id\":\"https:\\\/\\\/finans-partner.se\\\/#organization\",\"name\":\"Finans Partner Scandinavia AB\",\"alternateName\":\"Finans Partner Scandinavia AB\",\"url\":\"https:\\\/\\\/finans-partner.se\\\/\",\"logo\":{\"@type\":\"ImageObject\",\"inLanguage\":\"en-GB\",\"@id\":\"https:\\\/\\\/finans-partner.se\\\/#\\\/schema\\\/logo\\\/image\\\/\",\"url\":\"https:\\\/\\\/finans-partner.se\\\/wp-content\\\/uploads\\\/2025\\\/03\\\/LOGO-FINANS-PARTNER-v2.0.png\",\"contentUrl\":\"https:\\\/\\\/finans-partner.se\\\/wp-content\\\/uploads\\\/2025\\\/03\\\/LOGO-FINANS-PARTNER-v2.0.png\",\"width\":2297,\"height\":1923,\"caption\":\"Finans Partner Scandinavia AB\"},\"image\":{\"@id\":\"https:\\\/\\\/finans-partner.se\\\/#\\\/schema\\\/logo\\\/image\\\/\"},\"sameAs\":[\"https:\\\/\\\/www.facebook.com\\\/profile.php?id=61573561375889\"]}]}<\/script>\n<!-- \/ Yoast SEO Premium plugin. -->","yoast_head_json":{"title":"Factoring - Finans-partner.se Fakturak\u00f6p S\u00e4lja faktura","description":"S\u00e4lj fakturan snabbt med factoring. F\u00e5 betalt samma dag \u2013 tryggt, enkelt och utan bindningstid. Kontakta Finans Partner.","robots":{"index":"index","follow":"follow","max-snippet":"max-snippet:-1","max-image-preview":"max-image-preview:large","max-video-preview":"max-video-preview:-1"},"canonical":"https:\/\/finans-partner.se\/en\/factoring\/","og_locale":"en_GB","og_type":"article","og_title":"Factoring s\u00e4lja faktura fakturak\u00f6p","og_description":"S\u00e4lj fakturan snabbt med factoring. F\u00e5 betalt samma dag \u2013 tryggt, enkelt och utan bindningstid. Kontakta Finans Partner.","og_url":"https:\/\/finans-partner.se\/en\/factoring\/","og_site_name":"Finans-partner.se","article_publisher":"https:\/\/www.facebook.com\/profile.php?id=61573561375889","article_modified_time":"2026-01-23T19:29:45+00:00","og_image":[{"width":512,"height":512,"url":"https:\/\/finans-partner.se\/wp-content\/uploads\/2025\/03\/cropped-LOGO-FINANS-PARTNER-v2.0.png","type":"image\/png"}],"twitter_card":"summary_large_image","twitter_misc":{"Estimated reading time":"3 minutes"},"schema":{"@context":"https:\/\/schema.org","@graph":[{"@type":"WebPage","@id":"https:\/\/finans-partner.se\/factoring\/","url":"https:\/\/finans-partner.se\/factoring\/","name":"Factoring - Finans-partner.se Fakturak\u00f6p S\u00e4lja faktura","isPartOf":{"@id":"https:\/\/finans-partner.se\/#website"},"datePublished":"2025-03-22T08:21:22+00:00","dateModified":"2026-01-23T19:29:45+00:00","description":"S\u00e4lj fakturan snabbt med factoring. F\u00e5 betalt samma dag \u2013 tryggt, enkelt och utan bindningstid. Kontakta Finans Partner.","breadcrumb":{"@id":"https:\/\/finans-partner.se\/factoring\/#breadcrumb"},"inLanguage":"en-GB","potentialAction":[{"@type":"ReadAction","target":["https:\/\/finans-partner.se\/factoring\/"]}]},{"@type":"BreadcrumbList","@id":"https:\/\/finans-partner.se\/factoring\/#breadcrumb","itemListElement":[{"@type":"ListItem","position":1,"name":"Home","item":"https:\/\/finans-partner.se\/"},{"@type":"ListItem","position":2,"name":"Factoring"}]},{"@type":"WebSite","@id":"https:\/\/finans-partner.se\/#website","url":"https:\/\/finans-partner.se\/","name":"Finance Partner","description":"Sell your invoices quickly and easily with Finans Partner.","publisher":{"@id":"https:\/\/finans-partner.se\/#organization"},"alternateName":"Finans Partner","potentialAction":[{"@type":"SearchAction","target":{"@type":"EntryPoint","urlTemplate":"https:\/\/finans-partner.se\/?s={search_term_string}"},"query-input":{"@type":"PropertyValueSpecification","valueRequired":true,"valueName":"search_term_string"}}],"inLanguage":"en-GB"},{"@type":"Organization","@id":"https:\/\/finans-partner.se\/#organization","name":"Finance Partner Scandinavia AB","alternateName":"Finans Partner Scandinavia AB","url":"https:\/\/finans-partner.se\/","logo":{"@type":"ImageObject","inLanguage":"en-GB","@id":"https:\/\/finans-partner.se\/#\/schema\/logo\/image\/","url":"https:\/\/finans-partner.se\/wp-content\/uploads\/2025\/03\/LOGO-FINANS-PARTNER-v2.0.png","contentUrl":"https:\/\/finans-partner.se\/wp-content\/uploads\/2025\/03\/LOGO-FINANS-PARTNER-v2.0.png","width":2297,"height":1923,"caption":"Finans Partner Scandinavia AB"},"image":{"@id":"https:\/\/finans-partner.se\/#\/schema\/logo\/image\/"},"sameAs":["https:\/\/www.facebook.com\/profile.php?id=61573561375889"]}]}},"_links":{"self":[{"href":"https:\/\/finans-partner.se\/en\/wp-json\/wp\/v2\/pages\/12","targetHints":{"allow":["GET"]}}],"collection":[{"href":"https:\/\/finans-partner.se\/en\/wp-json\/wp\/v2\/pages"}],"about":[{"href":"https:\/\/finans-partner.se\/en\/wp-json\/wp\/v2\/types\/page"}],"author":[{"embeddable":true,"href":"https:\/\/finans-partner.se\/en\/wp-json\/wp\/v2\/users\/1"}],"replies":[{"embeddable":true,"href":"https:\/\/finans-partner.se\/en\/wp-json\/wp\/v2\/comments?post=12"}],"version-history":[{"count":15,"href":"https:\/\/finans-partner.se\/en\/wp-json\/wp\/v2\/pages\/12\/revisions"}],"predecessor-version":[{"id":801,"href":"https:\/\/finans-partner.se\/en\/wp-json\/wp\/v2\/pages\/12\/revisions\/801"}],"wp:attachment":[{"href":"https:\/\/finans-partner.se\/en\/wp-json\/wp\/v2\/media?parent=12"}],"curies":[{"name":"wp","href":"https:\/\/api.w.org\/{rel}","templated":true}]}}