{"id":154,"date":"2025-03-27T12:46:04","date_gmt":"2025-03-27T12:46:04","guid":{"rendered":"https:\/\/finans-partner.se\/?page_id=154"},"modified":"2025-12-28T13:03:17","modified_gmt":"2025-12-28T13:03:17","slug":"kontakta-oss","status":"publish","type":"page","link":"https:\/\/finans-partner.se\/en\/kontakta-oss\/","title":{"rendered":"Contact Us"},"content":{"rendered":"<h1>\n<h3 style=\"text-align: center;\">Fyll i formul\u00e4ret s\u00e5 kontaktar vi dig!<\/h3>\n<\/h1>\n<div>\n\n<div class=\"wpcf7 no-js\" id=\"wpcf7-f156-o1\" lang=\"sv-SE\" dir=\"ltr\" data-wpcf7-id=\"156\">\n<div class=\"screen-reader-response\"><p role=\"status\" aria-live=\"polite\" aria-atomic=\"true\"><\/p> <ul><\/ul><\/div>\n<form action=\"\/en\/wp-json\/wp\/v2\/pages\/154#wpcf7-f156-o1\" method=\"post\" class=\"wpcf7-form init\" aria-label=\"Kontaktformul\u00e4r\" novalidate=\"novalidate\" data-status=\"init\">\n<fieldset class=\"hidden-fields-container\"><input type=\"hidden\" name=\"_wpcf7\" value=\"156\" \/><input type=\"hidden\" name=\"_wpcf7_version\" value=\"6.1.4\" \/><input type=\"hidden\" name=\"_wpcf7_locale\" value=\"sv_SE\" \/><input type=\"hidden\" name=\"_wpcf7_unit_tag\" value=\"wpcf7-f156-o1\" \/><input type=\"hidden\" name=\"_wpcf7_container_post\" value=\"0\" \/><input type=\"hidden\" name=\"_wpcf7_posted_data_hash\" value=\"\" \/>\n<\/fieldset>\n<div class=\"uk-form-stacked\">\n\t<div class=\"uk-margin\">\n\t\t<p><label class=\"uk-form-label\" for=\"Kontaktperson\">Kontaktperson <span class=\"uk-text-danger\">*<\/span><\/label><br \/>\n<span class=\"wpcf7-form-control-wrap\" data-name=\"company-name\"><input size=\"40\" maxlength=\"400\" class=\"wpcf7-form-control wpcf7-text wpcf7-validates-as-required uk-input\" id=\"company-name\" aria-required=\"true\" aria-invalid=\"false\" value=\"\" type=\"text\" name=\"company-name\" \/><\/span>\n\t\t<\/p>\n\t<\/div>\n\t<div class=\"uk-margin\">\n\t\t<p><label class=\"uk-form-label\" for=\"orgnr\">Org.nummer <span class=\"uk-text-danger\">*<\/span><\/label><br \/>\n<span class=\"wpcf7-form-control-wrap\" data-name=\"orgnr\"><input size=\"40\" maxlength=\"400\" class=\"wpcf7-form-control wpcf7-text wpcf7-validates-as-required uk-input\" id=\"orgnr\" aria-required=\"true\" aria-invalid=\"false\" value=\"\" type=\"text\" name=\"orgnr\" \/><\/span>\n\t\t<\/p>\n\t<\/div>\n\t<div class=\"uk-margin\">\n\t\t<p><label class=\"uk-form-label\" for=\"email\">E\u2011mail <span class=\"uk-text-danger\">*<\/span><\/label><br \/>\n<span class=\"wpcf7-form-control-wrap\" data-name=\"email\"><input size=\"40\" maxlength=\"400\" class=\"wpcf7-form-control wpcf7-email wpcf7-validates-as-required wpcf7-text wpcf7-validates-as-email uk-input\" id=\"email\" aria-required=\"true\" aria-invalid=\"false\" value=\"\" type=\"email\" name=\"email\" \/><\/span>\n\t\t<\/p>\n\t<\/div>\n\t<div class=\"uk-margin\">\n\t\t<p><label class=\"uk-form-label\" for=\"phone\">Telefonnummer <span class=\"uk-text-danger\">*<\/span><\/label><br \/>\n<span class=\"wpcf7-form-control-wrap\" data-name=\"phone\"><input size=\"40\" maxlength=\"400\" class=\"wpcf7-form-control wpcf7-tel wpcf7-validates-as-required wpcf7-text wpcf7-validates-as-tel uk-input\" id=\"phone\" aria-required=\"true\" aria-invalid=\"false\" value=\"\" type=\"tel\" name=\"phone\" \/><\/span>\n\t\t<\/p>\n\t<\/div>\n\t<div class=\"uk-margin\">\n\t\t<p><label class=\"uk-form-label\" for=\"how-contacted\">Vad g\u00e4ller ditt \u00e4rende? <span class=\"uk-text-danger\">*<\/span><\/label><br \/>\n<span class=\"wpcf7-form-control-wrap\" data-name=\"how-contacted\"><select class=\"wpcf7-form-control wpcf7-select wpcf7-validates-as-required uk-select\" id=\"how-contacted\" aria-required=\"true\" aria-invalid=\"false\" name=\"how-contacted\"><option value=\"\">\u2013 V\u00e4lj ett alternativ \u2013<\/option><option value=\"Fakturak\u00f6p\">Fakturak\u00f6p<\/option><option value=\"F\u00f6retagsl\u00e5n\">F\u00f6retagsl\u00e5n<\/option><option value=\"Inkassotj\u00e4nster\">Inkassotj\u00e4nster<\/option><\/select><\/span>\n\t\t<\/p>\n\t<\/div>\n\t<div class=\"uk-margin\">\n\t\t<p><input class=\"wpcf7-form-control wpcf7-submit has-spinner uk-button uk-button-warning uk-width-1-1\" type=\"submit\" value=\"Kontakta mig\" \/>\n\t\t<\/p>\n\t<\/div>\n<\/div><div class=\"wpcf7-response-output\" aria-hidden=\"true\"><\/div>\n<\/form>\n<\/div>\n\n<\/div>\n<p><!--more--><br \/>\n<!-- {\"type\":\"layout\",\"children\":[{\"type\":\"section\",\"props\":{\"image_position\":\"center-center\",\"style\":\"muted\",\"title_breakpoint\":\"xl\",\"title_position\":\"top-left\",\"title_rotation\":\"left\",\"vertical_align\":\"middle\",\"width\":\"default\"},\"children\":[{\"type\":\"row\",\"children\":[{\"type\":\"column\",\"props\":{\"image_position\":\"center-center\",\"position_sticky_breakpoint\":\"m\"},\"children\":[{\"type\":\"headline\",\"props\":{\"content\":\"\n\n<h3 style=\\\"text-align: center;\\\">Fyll i formul\\u00e4ret s\\u00e5 kontaktar vi dig!<\\\/h3>\",\"text_align\":\"center\",\"title_element\":\"h1\"}},{\"type\":\"text\",\"props\":{\"block_align\":\"center\",\"class\":\"uk-card uk-card-default uk-padding\",\"column_breakpoint\":\"m\",\"content\":\"\n\n<p>[contact-form-7 id=\\\"4344613\\\" title=\\\"Kontaktformul\\u00e4r\\\"]<\\\/p>\",\"margin\":\"default\",\"maxwidth\":\"xlarge\"}}]}]}]}],\"version\":\"4.5.17\"} --><\/p>\n","protected":false},"excerpt":{"rendered":"<p>Fill out the form and we will contact you!<\/p>","protected":false},"author":1,"featured_media":0,"parent":0,"menu_order":0,"comment_status":"closed","ping_status":"closed","template":"","meta":{"footnotes":""},"class_list":["post-154","page","type-page","status-publish","hentry"],"yoast_head":"<!-- This site is optimized with the Yoast SEO Premium plugin v24.6 (Yoast SEO v27.4) - https:\/\/yoast.com\/product\/yoast-seo-premium-wordpress\/ -->\n<title>Kontakta Oss - Finans-partner.se Fakturak\u00f6p S\u00e4lja faktura<\/title>\n<meta name=\"description\" content=\"Skicka en f\u00f6rfr\u00e5gan om fakturak\u00f6p till oss och bli kund snabbt. Vi k\u00f6per din faktura och betalar ut 100% av beloppet samma dag.\" \/>\n<meta name=\"robots\" content=\"index, follow, max-snippet:-1, max-image-preview:large, max-video-preview:-1\" \/>\n<link rel=\"canonical\" href=\"https:\/\/finans-partner.se\/en\/kontakta-oss\/\" \/>\n<meta property=\"og:locale\" content=\"en_GB\" \/>\n<meta property=\"og:type\" content=\"article\" \/>\n<meta property=\"og:title\" content=\"Kontakta Oss s\u00e4lja faktura fakturak\u00f6p\" \/>\n<meta property=\"og:description\" content=\"Skicka en f\u00f6rfr\u00e5gan om fakturak\u00f6p till oss och bli kund snabbt. Vi k\u00f6per din faktura och betalar ut 100% av beloppet samma dag.\" \/>\n<meta property=\"og:url\" content=\"https:\/\/finans-partner.se\/en\/kontakta-oss\/\" \/>\n<meta property=\"og:site_name\" content=\"Finans-partner.se\" \/>\n<meta property=\"article:publisher\" content=\"https:\/\/www.facebook.com\/profile.php?id=61573561375889\" \/>\n<meta property=\"article:modified_time\" content=\"2025-12-28T13:03:17+00:00\" \/>\n<meta property=\"og:image\" content=\"https:\/\/finans-partner.se\/wp-content\/uploads\/2025\/03\/cropped-LOGO-FINANS-PARTNER-v2.0.png\" \/>\n\t<meta property=\"og:image:width\" content=\"512\" \/>\n\t<meta property=\"og:image:height\" content=\"512\" \/>\n\t<meta property=\"og:image:type\" content=\"image\/png\" \/>\n<meta name=\"twitter:card\" content=\"summary_large_image\" \/>\n<meta name=\"twitter:label1\" content=\"Estimated reading time\" \/>\n\t<meta name=\"twitter:data1\" content=\"1 minute\" \/>\n<script type=\"application\/ld+json\" class=\"yoast-schema-graph\">{\"@context\":\"https:\\\/\\\/schema.org\",\"@graph\":[{\"@type\":\"WebPage\",\"@id\":\"https:\\\/\\\/finans-partner.se\\\/kontakta-oss\\\/\",\"url\":\"https:\\\/\\\/finans-partner.se\\\/kontakta-oss\\\/\",\"name\":\"Kontakta Oss - Finans-partner.se Fakturak\u00f6p S\u00e4lja faktura\",\"isPartOf\":{\"@id\":\"https:\\\/\\\/finans-partner.se\\\/#website\"},\"datePublished\":\"2025-03-27T12:46:04+00:00\",\"dateModified\":\"2025-12-28T13:03:17+00:00\",\"description\":\"Skicka en f\u00f6rfr\u00e5gan om fakturak\u00f6p till oss och bli kund snabbt. Vi k\u00f6per din faktura och betalar ut 100% av beloppet samma dag.\",\"breadcrumb\":{\"@id\":\"https:\\\/\\\/finans-partner.se\\\/kontakta-oss\\\/#breadcrumb\"},\"inLanguage\":\"en-GB\",\"potentialAction\":[{\"@type\":\"ReadAction\",\"target\":[\"https:\\\/\\\/finans-partner.se\\\/kontakta-oss\\\/\"]}]},{\"@type\":\"BreadcrumbList\",\"@id\":\"https:\\\/\\\/finans-partner.se\\\/kontakta-oss\\\/#breadcrumb\",\"itemListElement\":[{\"@type\":\"ListItem\",\"position\":1,\"name\":\"Home\",\"item\":\"https:\\\/\\\/finans-partner.se\\\/\"},{\"@type\":\"ListItem\",\"position\":2,\"name\":\"Kontakta Oss\"}]},{\"@type\":\"WebSite\",\"@id\":\"https:\\\/\\\/finans-partner.se\\\/#website\",\"url\":\"https:\\\/\\\/finans-partner.se\\\/\",\"name\":\"Finans Partner\",\"description\":\"S\u00e4lj dina fakturor snabbt och enkelt med Finans Partner.\",\"publisher\":{\"@id\":\"https:\\\/\\\/finans-partner.se\\\/#organization\"},\"alternateName\":\"Finans Partner\",\"potentialAction\":[{\"@type\":\"SearchAction\",\"target\":{\"@type\":\"EntryPoint\",\"urlTemplate\":\"https:\\\/\\\/finans-partner.se\\\/?s={search_term_string}\"},\"query-input\":{\"@type\":\"PropertyValueSpecification\",\"valueRequired\":true,\"valueName\":\"search_term_string\"}}],\"inLanguage\":\"en-GB\"},{\"@type\":\"Organization\",\"@id\":\"https:\\\/\\\/finans-partner.se\\\/#organization\",\"name\":\"Finans Partner Scandinavia AB\",\"alternateName\":\"Finans Partner Scandinavia AB\",\"url\":\"https:\\\/\\\/finans-partner.se\\\/\",\"logo\":{\"@type\":\"ImageObject\",\"inLanguage\":\"en-GB\",\"@id\":\"https:\\\/\\\/finans-partner.se\\\/#\\\/schema\\\/logo\\\/image\\\/\",\"url\":\"https:\\\/\\\/finans-partner.se\\\/wp-content\\\/uploads\\\/2025\\\/03\\\/LOGO-FINANS-PARTNER-v2.0.png\",\"contentUrl\":\"https:\\\/\\\/finans-partner.se\\\/wp-content\\\/uploads\\\/2025\\\/03\\\/LOGO-FINANS-PARTNER-v2.0.png\",\"width\":2297,\"height\":1923,\"caption\":\"Finans Partner Scandinavia AB\"},\"image\":{\"@id\":\"https:\\\/\\\/finans-partner.se\\\/#\\\/schema\\\/logo\\\/image\\\/\"},\"sameAs\":[\"https:\\\/\\\/www.facebook.com\\\/profile.php?id=61573561375889\"]}]}<\/script>\n<!-- \/ Yoast SEO Premium plugin. -->","yoast_head_json":{"title":"Kontakta Oss - Finans-partner.se Fakturak\u00f6p S\u00e4lja faktura","description":"Skicka en f\u00f6rfr\u00e5gan om fakturak\u00f6p till oss och bli kund snabbt. Vi k\u00f6per din faktura och betalar ut 100% av beloppet samma dag.","robots":{"index":"index","follow":"follow","max-snippet":"max-snippet:-1","max-image-preview":"max-image-preview:large","max-video-preview":"max-video-preview:-1"},"canonical":"https:\/\/finans-partner.se\/en\/kontakta-oss\/","og_locale":"en_GB","og_type":"article","og_title":"Kontakta Oss s\u00e4lja faktura fakturak\u00f6p","og_description":"Skicka en f\u00f6rfr\u00e5gan om fakturak\u00f6p till oss och bli kund snabbt. Vi k\u00f6per din faktura och betalar ut 100% av beloppet samma dag.","og_url":"https:\/\/finans-partner.se\/en\/kontakta-oss\/","og_site_name":"Finans-partner.se","article_publisher":"https:\/\/www.facebook.com\/profile.php?id=61573561375889","article_modified_time":"2025-12-28T13:03:17+00:00","og_image":[{"width":512,"height":512,"url":"https:\/\/finans-partner.se\/wp-content\/uploads\/2025\/03\/cropped-LOGO-FINANS-PARTNER-v2.0.png","type":"image\/png"}],"twitter_card":"summary_large_image","twitter_misc":{"Estimated reading time":"1 minute"},"schema":{"@context":"https:\/\/schema.org","@graph":[{"@type":"WebPage","@id":"https:\/\/finans-partner.se\/kontakta-oss\/","url":"https:\/\/finans-partner.se\/kontakta-oss\/","name":"Kontakta Oss - Finans-partner.se Fakturak\u00f6p S\u00e4lja faktura","isPartOf":{"@id":"https:\/\/finans-partner.se\/#website"},"datePublished":"2025-03-27T12:46:04+00:00","dateModified":"2025-12-28T13:03:17+00:00","description":"Skicka en f\u00f6rfr\u00e5gan om fakturak\u00f6p till oss och bli kund snabbt. Vi k\u00f6per din faktura och betalar ut 100% av beloppet samma dag.","breadcrumb":{"@id":"https:\/\/finans-partner.se\/kontakta-oss\/#breadcrumb"},"inLanguage":"en-GB","potentialAction":[{"@type":"ReadAction","target":["https:\/\/finans-partner.se\/kontakta-oss\/"]}]},{"@type":"BreadcrumbList","@id":"https:\/\/finans-partner.se\/kontakta-oss\/#breadcrumb","itemListElement":[{"@type":"ListItem","position":1,"name":"Home","item":"https:\/\/finans-partner.se\/"},{"@type":"ListItem","position":2,"name":"Kontakta Oss"}]},{"@type":"WebSite","@id":"https:\/\/finans-partner.se\/#website","url":"https:\/\/finans-partner.se\/","name":"Finance Partner","description":"Sell your invoices quickly and easily with Finans Partner.","publisher":{"@id":"https:\/\/finans-partner.se\/#organization"},"alternateName":"Finans Partner","potentialAction":[{"@type":"SearchAction","target":{"@type":"EntryPoint","urlTemplate":"https:\/\/finans-partner.se\/?s={search_term_string}"},"query-input":{"@type":"PropertyValueSpecification","valueRequired":true,"valueName":"search_term_string"}}],"inLanguage":"en-GB"},{"@type":"Organization","@id":"https:\/\/finans-partner.se\/#organization","name":"Finance Partner Scandinavia AB","alternateName":"Finans Partner Scandinavia AB","url":"https:\/\/finans-partner.se\/","logo":{"@type":"ImageObject","inLanguage":"en-GB","@id":"https:\/\/finans-partner.se\/#\/schema\/logo\/image\/","url":"https:\/\/finans-partner.se\/wp-content\/uploads\/2025\/03\/LOGO-FINANS-PARTNER-v2.0.png","contentUrl":"https:\/\/finans-partner.se\/wp-content\/uploads\/2025\/03\/LOGO-FINANS-PARTNER-v2.0.png","width":2297,"height":1923,"caption":"Finans Partner Scandinavia AB"},"image":{"@id":"https:\/\/finans-partner.se\/#\/schema\/logo\/image\/"},"sameAs":["https:\/\/www.facebook.com\/profile.php?id=61573561375889"]}]}},"_links":{"self":[{"href":"https:\/\/finans-partner.se\/en\/wp-json\/wp\/v2\/pages\/154","targetHints":{"allow":["GET"]}}],"collection":[{"href":"https:\/\/finans-partner.se\/en\/wp-json\/wp\/v2\/pages"}],"about":[{"href":"https:\/\/finans-partner.se\/en\/wp-json\/wp\/v2\/types\/page"}],"author":[{"embeddable":true,"href":"https:\/\/finans-partner.se\/en\/wp-json\/wp\/v2\/users\/1"}],"replies":[{"embeddable":true,"href":"https:\/\/finans-partner.se\/en\/wp-json\/wp\/v2\/comments?post=154"}],"version-history":[{"count":8,"href":"https:\/\/finans-partner.se\/en\/wp-json\/wp\/v2\/pages\/154\/revisions"}],"predecessor-version":[{"id":632,"href":"https:\/\/finans-partner.se\/en\/wp-json\/wp\/v2\/pages\/154\/revisions\/632"}],"wp:attachment":[{"href":"https:\/\/finans-partner.se\/en\/wp-json\/wp\/v2\/media?parent=154"}],"curies":[{"name":"wp","href":"https:\/\/api.w.org\/{rel}","templated":true}]}}