{"id":16,"date":"2025-03-22T08:21:35","date_gmt":"2025-03-22T08:21:35","guid":{"rendered":"https:\/\/finans-partner.se\/?page_id=16"},"modified":"2026-02-18T16:26:23","modified_gmt":"2026-02-18T15:26:23","slug":"om-oss","status":"publish","type":"page","link":"https:\/\/finans-partner.se\/en\/om-oss\/","title":{"rendered":"About us"},"content":{"rendered":"<h1>Vi hj\u00e4lper f\u00f6retagare i Sverige att f\u00f6rb\u00e4ttra <span class=\"uk-text-primary\">sin likviditet.<\/span><\/h1>\n<div>\n<div style=\"text-align: left;\">\n<h3>V\u00e5r vision och v\u00e5rt uppdrag<\/h3>\n<p>Finans Partner grundades i Stockholm 2025 med ambitionen att erbjuda ett flexibelt och modernt finansieringsalternativ till f\u00f6retagare.<\/p>\n<p>Vi s\u00e5g hur m\u00e5nga entrepren\u00f6rer med starka id\u00e9er och olika verksamheter m\u00f6ttes av begr\u00e4nsningar hos banker.\u00a0<\/p>\n<p><em>\u201dVi m\u00f6tte f\u00f6retagare som gjorde allt r\u00e4tt, men \u00e4nd\u00e5 saknade tillg\u00e5ng till den likviditet de beh\u00f6vde f\u00f6r att kunna v\u00e4xa. D\u00e5 startade vi Finans Partner \u2013 en partner som f\u00f6rst\u00e5r entrepren\u00f6rens vardag och erbjuder kostnadseffektiv finansiering via v\u00e5r tj\u00e4nst fakturak\u00f6p&#8221;<\/p>\n<p><\/em><\/p>\n<p><strong>En v\u00e4xande akt\u00f6r inom fakturak\u00f6p<\/strong><\/p>\n<p>Sedan starten har vi vuxit tillsammans med v\u00e5ra kunder. I dag hj\u00e4lper vi f\u00f6retag \u00f6ver hela landet att frig\u00f6ra kapital genom v\u00e5r tj\u00e4nst fakturak\u00f6p \u2013 en l\u00f6sning som ger snabbare kassafl\u00f6de, st\u00f6rre handlingsutrymme och mer tid att fokusera p\u00e5 det som verkligen driver l\u00f6nsamhet till verksamheten.<\/p>\n<p>V\u00e5ra kunder \u00e4r entrepren\u00f6rer som vill utveckla sina bolag, agera p\u00e5 nya aff\u00e4rsm\u00f6jligheter och skapa stabilitet i sin vardag. Genom v\u00e5r tj\u00e4nst fakturak\u00f6p hj\u00e4lper vi dem att frig\u00f6ra likviditet och fokusera p\u00e5 tillv\u00e4xt. Vi \u00e4r stolta \u00f6ver att f\u00e5 vara en del av deras resa.<\/p>\n<p><strong>V\u00e5r kompetens \u2013 din trygghet<\/strong><\/p>\n<p>Vi vet att f\u00f6retagande handlar om mer \u00e4n siffror. Det handlar om mod, ansvar och en vilja att skapa n\u00e5got som best\u00e5r. D\u00e4rf\u00f6r bygger v\u00e5r verksamhet p\u00e5 branschkunskap, lyh\u00f6rdhet och en genuin f\u00f6rst\u00e5else f\u00f6r entrepren\u00f6rens verklighet.<\/p>\n<p>V\u00e5ra r\u00e5dgivare \u00e4r specialister inom fakturak\u00f6p och f\u00f6retagsfinansiering och arbetar n\u00e4ra dig f\u00f6r att skapa l\u00f6sningar som \u00e4r kostnadseffektiva. Hos oss f\u00e5r du snabb \u00e5terkoppling och en partner som st\u00e5r vid din sida n\u00e4r f\u00f6retaget beh\u00f6ver f\u00f6rb\u00e4ttra likviditeten.<\/p>\n<p><strong>N\u00e4ringslivsn\u00e4ra och samh\u00e4llsengagerade<\/strong><\/p>\n<p>Med huvudkontor i Stockholm \u00e4r vi en del av ett n\u00e4ringsliv i st\u00e4ndig utveckling. Vi tror p\u00e5 ett finansklimat d\u00e4r f\u00f6retagare f\u00e5r r\u00e4tt f\u00f6ruts\u00e4ttningar att v\u00e4xa \u2013 och d\u00e4r finansiering \u00e4r trygg, transparent och tillg\u00e4nglig.<\/p>\n<p><\/p>\n<p><em><br \/><\/em><!--StartFragment --><strong><\/strong><\/p>\n<\/div>\n<\/div>\n<p><a href=\"https:\/\/finans-partner.se\/salja-faktura\/\"><img decoding=\"async\" src=\"\/wp-content\/uploads\/2025\/03\/adobestock-1002586286-scaled.jpg\" alt=\"CMS-gr\u00e4nssnitt f\u00f6r bildredigering och svensk webbsida om fakturak\u00f6p och s\u00e4lja faktura\"><\/a><\/p>\n<div>\n<p>Vi vet att det kan finnas m\u00e5nga anledningar till att ett f\u00f6retag beh\u00f6ver snabb tillg\u00e5ng till kapital. Det kan vara frustrerande att v\u00e4nta p\u00e5 betalning f\u00f6r utf\u00f6rt arbete eller att missa aff\u00e4rsm\u00f6jligheter p\u00e5 grund av bristande likviditet.<\/p>\n<p>Finans Partner har n\u00f6jet att meddela att vi utser en auktoriserad revisor under v\u00e5ren 2026 f\u00f6r att st\u00e4rka den finansiella styrningen och s\u00e4kerst\u00e4lla standarder i v\u00e5r bokf\u00f6ring f\u00f6r v\u00e5ra intressenter och kunder.<\/p>\n<p>V\u00e5r erfarenhet har lagt grunden f\u00f6r smarta, flexibla tj\u00e4nster som f\u00f6renklar livet som f\u00f6retagare. Vi finns h\u00e4r som din partner och erbjuder l\u00f6sningar som matchar dina m\u00e5l och utmaningar.<\/p>\n<p>Finans Partner \u00e4r en modern och innovativ akt\u00f6r inom fakturak\u00f6p, och vi str\u00e4var efter att vara marknadsledande \u00e4ven i framtiden.<\/p>\n<p>Fr\u00e5n och med 2026 hittar ni oss i <b>Convendums<\/b> lokaler p\u00e5 v\u00e5r nya bes\u00f6ksadress: V\u00e4stra J\u00e4rnv\u00e4gsgatan 3, 111 64 Stockholm.<\/p>\n<p><strong>Ring oss: <\/strong>010 555 86 65 (08:00-17:00)<\/p>\n<p><strong>E-post: <\/strong>info@finans-partner.se\u00a0<\/p>\n<p><strong>Inskick av faktura: <\/strong>faktura@finans-partner.se <br \/><em>Skriv ert f\u00f6retags orgnr i \u00e4mnesraden n\u00e4r ni bifogar fakturor<\/em><\/p>\n<p><strong>Finans Partner samarbetar med<\/strong><\/p>\n<p>F\u00f6r att erbjuda s\u00e4kra och effektiva tj\u00e4nster anv\u00e4nder vi data fr\u00e5n svenska myndigheter samt ledande akt\u00f6rer inom kreditupplysning, digital identifiering och signering.<\/p>\n<p>Vi har en p\u00e5g\u00e5ende registrering hos Finansinspektionen som finansiellt institut \u2013 ett steg som ytterligare st\u00e4rker s\u00e4kerheten och tryggheten f\u00f6r v\u00e5ra kunder och intressenter.<\/p>\n<p>Hos Finans Partner hanterar vi s\u00e5 mycket som m\u00f6jligt digitalt f\u00f6r att g\u00f6ra processen enkel och trygg \u2014 men vi ses g\u00e4rna p\u00e5 en lunch eller kaffe!<\/p>\n<\/div>\n<p><img decoding=\"async\" src=\"\/wp-content\/uploads\/2026\/02\/bank-id-syna-visma-sign-.jpg\" alt=\"Bank id Syna visma sign s\u00e4lja faktura\"><\/p>\n<p><!--more--><br \/>\n<!-- {\"type\":\"layout\",\"children\":[{\"name\":\"Hero\",\"type\":\"section\",\"props\":{\"animation\":\"fade\",\"image\":\"wp-content\\\/uploads\\\/about-hero-bg.svg\",\"image_loading\":true,\"image_position\":\"center-center\",\"image_width\":\"1300\",\"padding\":\"large\",\"padding_remove_top\":false,\"style\":\"default\",\"title_breakpoint\":\"xl\",\"title_position\":\"top-left\",\"title_rotation\":\"left\",\"vertical_align\":\"\",\"width\":\"large\"},\"children\":[{\"type\":\"row\",\"props\":{\"column_gap\":\"large\",\"layout\":\"1-2,1-2\",\"row_gap\":\"large\"},\"children\":[{\"type\":\"column\",\"props\":{\"image_position\":\"center-center\",\"position_sticky_breakpoint\":\"m\",\"vertical_align\":\"middle\",\"width_medium\":\"1-2\"},\"children\":[{\"type\":\"headline\",\"props\":{\"content\":\"Vi hj\\u00e4lper f\\u00f6retagare i Sverige att f\\u00f6rb\\u00e4ttra <span class=\\\"uk-text-primary\\\">sin likviditet.<\\\/span>\",\"maxwidth\":\"xlarge\",\"maxwidth_breakpoint\":\"m\",\"text_align\":\"right\",\"text_align_breakpoint\":\"m\",\"title_element\":\"h1\",\"title_style\":\"heading-medium\"}},{\"type\":\"headline\",\"props\":{\"content\":\"\n\n<div style=\\\"text-align: left;\\\">\\n\n\n<h3>V\\u00e5r vision och v\\u00e5rt uppdrag<\\\/h3>\\n\n\n<p>Finans Partner grundades i Stockholm 2025 med ambitionen att erbjuda ett flexibelt och modernt finansieringsalternativ till f\\u00f6retagare.<\\\/p>\\n\n\n<p>Vi s\\u00e5g hur m\\u00e5nga entrepren\\u00f6rer med starka id\\u00e9er och olika verksamheter m\\u00f6ttes av begr\\u00e4nsningar hos banker.\\u00a0<\\\/p>\\n\n\n<p><em>\\u201dVi m\\u00f6tte f\\u00f6retagare som gjorde allt r\\u00e4tt, men \\u00e4nd\\u00e5 saknade tillg\\u00e5ng till den likviditet de beh\\u00f6vde f\\u00f6r att kunna v\\u00e4xa. D\\u00e5 startade vi Finans Partner \\u2013 en partner som f\\u00f6rst\\u00e5r entrepren\\u00f6rens vardag och erbjuder kostnadseffektiv finansiering via v\\u00e5r tj\\u00e4nst fakturak\\u00f6p\\\"<br \\\/><br \\\/><\\\/em><\\\/p>\\n\n\n<p><strong>En v\\u00e4xande akt\\u00f6r inom fakturak\\u00f6p<\\\/strong><\\\/p>\\n\n\n<p>Sedan starten har vi vuxit tillsammans med v\\u00e5ra kunder. I dag hj\\u00e4lper vi f\\u00f6retag \\u00f6ver hela landet att frig\\u00f6ra kapital genom v\\u00e5r tj\\u00e4nst fakturak\\u00f6p \\u2013 en l\\u00f6sning som ger snabbare kassafl\\u00f6de, st\\u00f6rre handlingsutrymme och mer tid att fokusera p\\u00e5 det som verkligen driver l\\u00f6nsamhet till verksamheten.<\\\/p>\\n\n\n<p>V\\u00e5ra kunder \\u00e4r entrepren\\u00f6rer som vill utveckla sina bolag, agera p\\u00e5 nya aff\\u00e4rsm\\u00f6jligheter och skapa stabilitet i sin vardag. Genom v\\u00e5r tj\\u00e4nst fakturak\\u00f6p hj\\u00e4lper vi dem att frig\\u00f6ra likviditet och fokusera p\\u00e5 tillv\\u00e4xt. Vi \\u00e4r stolta \\u00f6ver att f\\u00e5 vara en del av deras resa.<br \\\/><br \\\/><\\\/p>\\n\n\n<p><strong>V\\u00e5r kompetens \\u2013 din trygghet<\\\/strong><\\\/p>\\n\n\n<p>Vi vet att f\\u00f6retagande handlar om mer \\u00e4n siffror. Det handlar om mod, ansvar och en vilja att skapa n\\u00e5got som best\\u00e5r. D\\u00e4rf\\u00f6r bygger v\\u00e5r verksamhet p\\u00e5 branschkunskap, lyh\\u00f6rdhet och en genuin f\\u00f6rst\\u00e5else f\\u00f6r entrepren\\u00f6rens verklighet.<\\\/p>\\n\n\n<p>V\\u00e5ra r\\u00e5dgivare \\u00e4r specialister inom fakturak\\u00f6p och f\\u00f6retagsfinansiering och arbetar n\\u00e4ra dig f\\u00f6r att skapa l\\u00f6sningar som \\u00e4r kostnadseffektiva. Hos oss f\\u00e5r du snabb \\u00e5terkoppling och en partner som st\\u00e5r vid din sida n\\u00e4r f\\u00f6retaget beh\\u00f6ver f\\u00f6rb\\u00e4ttra likviditeten.<br \\\/><br \\\/><\\\/p>\\n\n\n<p><strong>N\\u00e4ringslivsn\\u00e4ra och samh\\u00e4llsengagerade<\\\/strong><\\\/p>\\n\n\n<p>Med huvudkontor i Stockholm \\u00e4r vi en del av ett n\\u00e4ringsliv i st\\u00e4ndig utveckling. Vi tror p\\u00e5 ett finansklimat d\\u00e4r f\\u00f6retagare f\\u00e5r r\\u00e4tt f\\u00f6ruts\\u00e4ttningar att v\\u00e4xa \\u2013 och d\\u00e4r finansiering \\u00e4r trygg, transparent och tillg\\u00e4nglig.<\\\/p>\\n\n\n<p><br \\\/><br \\\/><br \\\/><\\\/p>\\n\n\n<p><em><br \\\/><\\\/em><!--StartFragment --><strong><\\\/strong><\\\/p>\\n<\\\/div>&#8221;,&#8221;maxwidth&#8221;:&#8221;xlarge&#8221;,&#8221;maxwidth_breakpoint&#8221;:&#8221;m&#8221;,&#8221;text_align&#8221;:&#8221;right&#8221;,&#8221;text_align_breakpoint&#8221;:&#8221;m&#8221;,&#8221;title_element&#8221;:&#8221;div&#8221;,&#8221;title_style&#8221;:&#8221;h4&#8243;}}]},{&#8221;type&#8221;:&#8221;column&#8221;,&#8221;props&#8221;:{&#8221;image_position&#8221;:&#8221;center-center&#8221;,&#8221;position_sticky_breakpoint&#8221;:&#8221;m&#8221;,&#8221;width_medium&#8221;:&#8221;1-2&#8243;},&#8221;children&#8221;:[{&#8221;type&#8221;:&#8221;image&#8221;,&#8221;props&#8221;:{&#8221;block_align&#8221;:&#8221;center&#8221;,&#8221;image&#8221;:&#8221;wp-content\\\/uploads\\\/2025\\\/03\\\/adobestock-1002586286-scaled.jpg&#8221;,&#8221;image_alt&#8221;:&#8221;CMS-gr\\u00e4nssnitt f\\u00f6r bildredigering och svensk webbsida om fakturak\\u00f6p och s\\u00e4lja faktura&#8221;,&#8221;image_border&#8221;:&#8221;rounded&#8221;,&#8221;image_loading&#8221;:true,&#8221;image_svg_color&#8221;:&#8221;emphasis&#8221;,&#8221;image_svg_inline&#8221;:true,&#8221;link&#8221;:&#8221;https:\\\/\\\/finans-partner.se\\\/salja-faktura\\\/&#8221;,&#8221;margin&#8221;:&#8221;default&#8221;,&#8221;maxwidth_breakpoint&#8221;:&#8221;l&#8221;,&#8221;text_align&#8221;:&#8221;left&#8221;,&#8221;text_align_breakpoint&#8221;:&#8221;m&#8221;,&#8221;text_align_fallback&#8221;:&#8221;center&#8221;}},{&#8221;type&#8221;:&#8221;text&#8221;,&#8221;props&#8221;:{&#8221;column_breakpoint&#8221;:&#8221;m&#8221;,&#8221;content&#8221;:&#8221;<\/p>\n<p>Vi vet att det kan finnas m\\u00e5nga anledningar till att ett f\\u00f6retag beh\\u00f6ver snabb tillg\\u00e5ng till kapital. Det kan vara frustrerande att v\\u00e4nta p\\u00e5 betalning f\\u00f6r utf\\u00f6rt arbete eller att missa aff\\u00e4rsm\\u00f6jligheter p\\u00e5 grund av bristande likviditet.<\\\/p>\\n<\/p>\n<p>Finans Partner har n\\u00f6jet att meddela att vi utser en auktoriserad revisor under v\\u00e5ren 2026 f\\u00f6r att st\\u00e4rka den finansiella styrningen och s\\u00e4kerst\\u00e4lla standarder i v\\u00e5r bokf\\u00f6ring f\\u00f6r v\\u00e5ra intressenter och kunder.<\\\/p>\\n<\/p>\n<p>V\\u00e5r erfarenhet har lagt grunden f\\u00f6r smarta, flexibla tj\\u00e4nster som f\\u00f6renklar livet som f\\u00f6retagare. Vi finns h\\u00e4r som din partner och erbjuder l\\u00f6sningar som matchar dina m\\u00e5l och utmaningar.<br \\\/><br \\\/>Finans Partner \\u00e4r en modern och innovativ akt\\u00f6r inom fakturak\\u00f6p, och vi str\\u00e4var efter att vara marknadsledande \\u00e4ven i framtiden.<\\\/p>\\n<\/p>\n<p>Fr\\u00e5n och med 2026 hittar ni oss i <b>Convendums<\\\/b> lokaler p\\u00e5 v\\u00e5r nya bes\\u00f6ksadress: V\\u00e4stra J\\u00e4rnv\\u00e4gsgatan 3, 111 64 Stockholm.<\\\/p>\\n<\/p>\n<p><strong>Ring oss: <\\\/strong>010 555 86 65 (08:00-17:00)<\\\/p>\\n<\/p>\n<p><strong>E-post: <\\\/strong>info@finans-partner.se\\u00a0<\\\/p>\\n<\/p>\n<p><strong>Inskick av faktura: <\\\/strong>faktura@finans-partner.se <br \\\/><em>Skriv ert f\\u00f6retags orgnr i \\u00e4mnesraden n\\u00e4r ni bifogar fakturor<\\\/em><\\\/p>\\n<\/p>\n<p><strong>Finans Partner samarbetar med<\\\/strong><\\\/p>\\n<\/p>\n<p>F\\u00f6r att erbjuda s\\u00e4kra och effektiva tj\\u00e4nster anv\\u00e4nder vi data fr\\u00e5n svenska myndigheter samt ledande akt\\u00f6rer inom kreditupplysning, digital identifiering och signering.<\\\/p>\\n<\/p>\n<p>Vi har en p\\u00e5g\\u00e5ende registrering hos Finansinspektionen som finansiellt institut \\u2013 ett steg som ytterligare st\\u00e4rker s\\u00e4kerheten och tryggheten f\\u00f6r v\\u00e5ra kunder och intressenter.<\\\/p>\\n<\/p>\n<p>Hos Finans Partner hanterar vi s\\u00e5 mycket som m\\u00f6jligt digitalt f\\u00f6r att g\\u00f6ra processen enkel och trygg \\u2014 men vi ses g\\u00e4rna p\\u00e5 en lunch eller kaffe!<\\\/p>&#8221;,&#8221;margin&#8221;:&#8221;medium&#8221;,&#8221;maxwidth&#8221;:&#8221;xlarge&#8221;,&#8221;maxwidth_breakpoint&#8221;:&#8221;m&#8221;}},{&#8221;type&#8221;:&#8221;image&#8221;,&#8221;props&#8221;:{&#8221;image&#8221;:&#8221;wp-content\\\/uploads\\\/2026\\\/02\\\/bank-id-syna-visma-sign-.jpg&#8221;,&#8221;image_alt&#8221;:&#8221;Bank id Syna visma sign s\\u00e4lja faktura&#8221;,&#8221;image_svg_color&#8221;:&#8221;emphasis&#8221;,&#8221;margin&#8221;:&#8221;default&#8221;}}]}]}]}],&#8221;version&#8221;:&#8221;4.5.17&#8243;} &#8211;><\/p>\n","protected":false},"excerpt":{"rendered":"<p>Vi hj\u00e4lper f\u00f6retagare i Sverige att f\u00f6rb\u00e4ttra sin likviditet. V\u00e5r vision och v\u00e5rt uppdrag Finans Partner grundades i Stockholm 2025 med ambitionen att erbjuda ett flexibelt och modernt finansieringsalternativ till f\u00f6retagare. Vi s\u00e5g hur m\u00e5nga entrepren\u00f6rer med starka id\u00e9er och olika verksamheter m\u00f6ttes av begr\u00e4nsningar hos banker.\u00a0 \u201dVi m\u00f6tte f\u00f6retagare som gjorde allt r\u00e4tt, men [&hellip;]<\/p>\n","protected":false},"author":1,"featured_media":0,"parent":0,"menu_order":0,"comment_status":"closed","ping_status":"closed","template":"","meta":{"footnotes":""},"class_list":["post-16","page","type-page","status-publish","hentry"],"yoast_head":"<!-- This site is optimized with the Yoast SEO Premium plugin v24.6 (Yoast SEO v27.4) - https:\/\/yoast.com\/product\/yoast-seo-premium-wordpress\/ -->\n<title>Om oss - Finans-partner.se Fakturak\u00f6p S\u00e4lja faktura<\/title>\n<meta name=\"description\" content=\"Skicka en f\u00f6rfr\u00e5gan om fakturak\u00f6p och factoring till oss och bli kund snabbt. Vi k\u00f6per din faktura och betalar ut 100% av beloppet samma dag.\" \/>\n<meta name=\"robots\" content=\"index, follow, max-snippet:-1, max-image-preview:large, max-video-preview:-1\" \/>\n<link rel=\"canonical\" href=\"https:\/\/finans-partner.se\/en\/om-oss\/\" \/>\n<meta property=\"og:locale\" content=\"en_GB\" \/>\n<meta property=\"og:type\" content=\"article\" \/>\n<meta property=\"og:title\" content=\"Om oss s\u00e4lja faktura fakturak\u00f6p\" \/>\n<meta property=\"og:description\" content=\"Skicka en f\u00f6rfr\u00e5gan om fakturak\u00f6p och factoring till oss och bli kund snabbt. Vi k\u00f6per din faktura och betalar ut 100% av beloppet samma dag.\" \/>\n<meta property=\"og:url\" content=\"https:\/\/finans-partner.se\/en\/om-oss\/\" \/>\n<meta property=\"og:site_name\" content=\"Finans-partner.se\" \/>\n<meta property=\"article:publisher\" content=\"https:\/\/www.facebook.com\/profile.php?id=61573561375889\" \/>\n<meta property=\"article:modified_time\" content=\"2026-02-18T15:26:23+00:00\" \/>\n<meta property=\"og:image\" content=\"https:\/\/finans-partner.se\/wp-content\/uploads\/2025\/03\/cropped-LOGO-FINANS-PARTNER-v2.0.png\" \/>\n\t<meta property=\"og:image:width\" content=\"512\" \/>\n\t<meta property=\"og:image:height\" content=\"512\" \/>\n\t<meta property=\"og:image:type\" content=\"image\/png\" \/>\n<meta name=\"twitter:card\" content=\"summary_large_image\" \/>\n<meta name=\"twitter:label1\" content=\"Estimated reading time\" \/>\n\t<meta name=\"twitter:data1\" content=\"3 minutes\" \/>\n<script type=\"application\/ld+json\" class=\"yoast-schema-graph\">{\"@context\":\"https:\\\/\\\/schema.org\",\"@graph\":[{\"@type\":\"WebPage\",\"@id\":\"https:\\\/\\\/finans-partner.se\\\/om-oss\\\/\",\"url\":\"https:\\\/\\\/finans-partner.se\\\/om-oss\\\/\",\"name\":\"Om oss - Finans-partner.se Fakturak\u00f6p S\u00e4lja faktura\",\"isPartOf\":{\"@id\":\"https:\\\/\\\/finans-partner.se\\\/#website\"},\"datePublished\":\"2025-03-22T08:21:35+00:00\",\"dateModified\":\"2026-02-18T15:26:23+00:00\",\"description\":\"Skicka en f\u00f6rfr\u00e5gan om fakturak\u00f6p och factoring till oss och bli kund snabbt. Vi k\u00f6per din faktura och betalar ut 100% av beloppet samma dag.\",\"breadcrumb\":{\"@id\":\"https:\\\/\\\/finans-partner.se\\\/om-oss\\\/#breadcrumb\"},\"inLanguage\":\"en-GB\",\"potentialAction\":[{\"@type\":\"ReadAction\",\"target\":[\"https:\\\/\\\/finans-partner.se\\\/om-oss\\\/\"]}]},{\"@type\":\"BreadcrumbList\",\"@id\":\"https:\\\/\\\/finans-partner.se\\\/om-oss\\\/#breadcrumb\",\"itemListElement\":[{\"@type\":\"ListItem\",\"position\":1,\"name\":\"Home\",\"item\":\"https:\\\/\\\/finans-partner.se\\\/\"},{\"@type\":\"ListItem\",\"position\":2,\"name\":\"Om oss\"}]},{\"@type\":\"WebSite\",\"@id\":\"https:\\\/\\\/finans-partner.se\\\/#website\",\"url\":\"https:\\\/\\\/finans-partner.se\\\/\",\"name\":\"Finans Partner\",\"description\":\"S\u00e4lj dina fakturor snabbt och enkelt med Finans Partner.\",\"publisher\":{\"@id\":\"https:\\\/\\\/finans-partner.se\\\/#organization\"},\"alternateName\":\"Finans Partner\",\"potentialAction\":[{\"@type\":\"SearchAction\",\"target\":{\"@type\":\"EntryPoint\",\"urlTemplate\":\"https:\\\/\\\/finans-partner.se\\\/?s={search_term_string}\"},\"query-input\":{\"@type\":\"PropertyValueSpecification\",\"valueRequired\":true,\"valueName\":\"search_term_string\"}}],\"inLanguage\":\"en-GB\"},{\"@type\":\"Organization\",\"@id\":\"https:\\\/\\\/finans-partner.se\\\/#organization\",\"name\":\"Finans Partner Scandinavia AB\",\"alternateName\":\"Finans Partner Scandinavia AB\",\"url\":\"https:\\\/\\\/finans-partner.se\\\/\",\"logo\":{\"@type\":\"ImageObject\",\"inLanguage\":\"en-GB\",\"@id\":\"https:\\\/\\\/finans-partner.se\\\/#\\\/schema\\\/logo\\\/image\\\/\",\"url\":\"https:\\\/\\\/finans-partner.se\\\/wp-content\\\/uploads\\\/2025\\\/03\\\/LOGO-FINANS-PARTNER-v2.0.png\",\"contentUrl\":\"https:\\\/\\\/finans-partner.se\\\/wp-content\\\/uploads\\\/2025\\\/03\\\/LOGO-FINANS-PARTNER-v2.0.png\",\"width\":2297,\"height\":1923,\"caption\":\"Finans Partner Scandinavia AB\"},\"image\":{\"@id\":\"https:\\\/\\\/finans-partner.se\\\/#\\\/schema\\\/logo\\\/image\\\/\"},\"sameAs\":[\"https:\\\/\\\/www.facebook.com\\\/profile.php?id=61573561375889\"]}]}<\/script>\n<!-- \/ Yoast SEO Premium plugin. -->","yoast_head_json":{"title":"Om oss - Finans-partner.se Fakturak\u00f6p S\u00e4lja faktura","description":"Skicka en f\u00f6rfr\u00e5gan om fakturak\u00f6p och factoring till oss och bli kund snabbt. Vi k\u00f6per din faktura och betalar ut 100% av beloppet samma dag.","robots":{"index":"index","follow":"follow","max-snippet":"max-snippet:-1","max-image-preview":"max-image-preview:large","max-video-preview":"max-video-preview:-1"},"canonical":"https:\/\/finans-partner.se\/en\/om-oss\/","og_locale":"en_GB","og_type":"article","og_title":"Om oss s\u00e4lja faktura fakturak\u00f6p","og_description":"Skicka en f\u00f6rfr\u00e5gan om fakturak\u00f6p och factoring till oss och bli kund snabbt. Vi k\u00f6per din faktura och betalar ut 100% av beloppet samma dag.","og_url":"https:\/\/finans-partner.se\/en\/om-oss\/","og_site_name":"Finans-partner.se","article_publisher":"https:\/\/www.facebook.com\/profile.php?id=61573561375889","article_modified_time":"2026-02-18T15:26:23+00:00","og_image":[{"width":512,"height":512,"url":"https:\/\/finans-partner.se\/wp-content\/uploads\/2025\/03\/cropped-LOGO-FINANS-PARTNER-v2.0.png","type":"image\/png"}],"twitter_card":"summary_large_image","twitter_misc":{"Estimated reading time":"3 minutes"},"schema":{"@context":"https:\/\/schema.org","@graph":[{"@type":"WebPage","@id":"https:\/\/finans-partner.se\/om-oss\/","url":"https:\/\/finans-partner.se\/om-oss\/","name":"Om oss - Finans-partner.se Fakturak\u00f6p S\u00e4lja faktura","isPartOf":{"@id":"https:\/\/finans-partner.se\/#website"},"datePublished":"2025-03-22T08:21:35+00:00","dateModified":"2026-02-18T15:26:23+00:00","description":"Skicka en f\u00f6rfr\u00e5gan om fakturak\u00f6p och factoring till oss och bli kund snabbt. Vi k\u00f6per din faktura och betalar ut 100% av beloppet samma dag.","breadcrumb":{"@id":"https:\/\/finans-partner.se\/om-oss\/#breadcrumb"},"inLanguage":"en-GB","potentialAction":[{"@type":"ReadAction","target":["https:\/\/finans-partner.se\/om-oss\/"]}]},{"@type":"BreadcrumbList","@id":"https:\/\/finans-partner.se\/om-oss\/#breadcrumb","itemListElement":[{"@type":"ListItem","position":1,"name":"Home","item":"https:\/\/finans-partner.se\/"},{"@type":"ListItem","position":2,"name":"Om oss"}]},{"@type":"WebSite","@id":"https:\/\/finans-partner.se\/#website","url":"https:\/\/finans-partner.se\/","name":"Finance Partner","description":"Sell your invoices quickly and easily with Finans Partner.","publisher":{"@id":"https:\/\/finans-partner.se\/#organization"},"alternateName":"Finans Partner","potentialAction":[{"@type":"SearchAction","target":{"@type":"EntryPoint","urlTemplate":"https:\/\/finans-partner.se\/?s={search_term_string}"},"query-input":{"@type":"PropertyValueSpecification","valueRequired":true,"valueName":"search_term_string"}}],"inLanguage":"en-GB"},{"@type":"Organization","@id":"https:\/\/finans-partner.se\/#organization","name":"Finance Partner Scandinavia AB","alternateName":"Finans Partner Scandinavia AB","url":"https:\/\/finans-partner.se\/","logo":{"@type":"ImageObject","inLanguage":"en-GB","@id":"https:\/\/finans-partner.se\/#\/schema\/logo\/image\/","url":"https:\/\/finans-partner.se\/wp-content\/uploads\/2025\/03\/LOGO-FINANS-PARTNER-v2.0.png","contentUrl":"https:\/\/finans-partner.se\/wp-content\/uploads\/2025\/03\/LOGO-FINANS-PARTNER-v2.0.png","width":2297,"height":1923,"caption":"Finans Partner Scandinavia AB"},"image":{"@id":"https:\/\/finans-partner.se\/#\/schema\/logo\/image\/"},"sameAs":["https:\/\/www.facebook.com\/profile.php?id=61573561375889"]}]}},"_links":{"self":[{"href":"https:\/\/finans-partner.se\/en\/wp-json\/wp\/v2\/pages\/16","targetHints":{"allow":["GET"]}}],"collection":[{"href":"https:\/\/finans-partner.se\/en\/wp-json\/wp\/v2\/pages"}],"about":[{"href":"https:\/\/finans-partner.se\/en\/wp-json\/wp\/v2\/types\/page"}],"author":[{"embeddable":true,"href":"https:\/\/finans-partner.se\/en\/wp-json\/wp\/v2\/users\/1"}],"replies":[{"embeddable":true,"href":"https:\/\/finans-partner.se\/en\/wp-json\/wp\/v2\/comments?post=16"}],"version-history":[{"count":147,"href":"https:\/\/finans-partner.se\/en\/wp-json\/wp\/v2\/pages\/16\/revisions"}],"predecessor-version":[{"id":904,"href":"https:\/\/finans-partner.se\/en\/wp-json\/wp\/v2\/pages\/16\/revisions\/904"}],"wp:attachment":[{"href":"https:\/\/finans-partner.se\/en\/wp-json\/wp\/v2\/media?parent=16"}],"curies":[{"name":"wp","href":"https:\/\/api.w.org\/{rel}","templated":true}]}}