{"id":8,"date":"2025-03-22T08:21:04","date_gmt":"2025-03-22T08:21:04","guid":{"rendered":"https:\/\/finans-partner.se\/?page_id=8"},"modified":"2026-01-23T20:16:10","modified_gmt":"2026-01-23T19:16:10","slug":"salja-faktura","status":"publish","type":"page","link":"https:\/\/finans-partner.se\/en\/salja-faktura\/","title":{"rendered":"Sell invoice"},"content":{"rendered":"<h1>Fakturak\u00f6p \u2013 s\u00e4lj faktura och f\u00e5 betalt direkt<\/h1>\n<div>\n<p>F\u00e5 betalt inom 24 timmar n\u00e4r ni s\u00e4ljer f\u00f6retagets fakturor till oss p\u00e5 Finans Partner.<\/p>\n<p>Det \u00e4r enkelt att skicka in fakturor till oss. Bifoga fakturorna som en eller fler PDF:er via mejl till <b>faktura@finans-partner.se<\/b> alternativt ladda upp fakturorna direkt i v\u00e5r kundportal d\u00e4r ni kan f\u00f6lja hela processen i realtid samt finner avr\u00e4kningsnotor f\u00f6r varje s\u00e5ld faktura till er bokf\u00f6ring.\u00a0<\/p>\n<\/div>\n<p><p>\n        <a href=\"\/kontakta-oss\/\">Kontakta oss f\u00f6r offert<\/a>\n    <\/p>\n<\/p>\n<h2>Fakturak\u00f6p<\/h2>\n<div>\n<p>L\u00e5nga betalningstider p\u00e5 30\u201390 dagar binder pengar och skapar on\u00f6diga begr\u00e4nsningar i vardagen f\u00f6r m\u00e5nga f\u00f6retag.<\/p>\n<p>P\u00e5 Finans Partner erbjuder vi en enkel och trygg l\u00f6sning: s\u00e4lj f\u00f6retagets fakturor till oss och frig\u00f6r pengarna direkt. Det ger er handlingsutrymme att betala l\u00f6pande kostnader, expandera och driva f\u00f6retaget fram\u00e5t \u2013 utan att v\u00e4nta p\u00e5 era kunders betalningar.<\/p>\n<p>Med \u00f6ver 25 \u00e5rs erfarenhet av fakturak\u00f6p \u00e4r vi en l\u00e5ngsiktig partner som st\u00e5r vid er sida n\u00e4r ni beh\u00f6ver stabilitet och snabbhet i ekonomin.<\/p>\n<\/div>\n<div><span dir=\"auto\" style=\"vertical-align: inherit;\"><span dir=\"auto\" style=\"vertical-align: inherit;\">01<\/span><\/span><\/div>\n<div>\n<h2>Skicka fakturan till oss<\/h2>\n<div>\n<p><span>Ni skickar er originalfaktura till oss som en PDF<\/span><\/p>\n<\/div>\n<\/div>\n<div><span dir=\"auto\" style=\"vertical-align: inherit;\"><span dir=\"auto\" style=\"vertical-align: inherit;\">02<\/span><\/span><\/div>\n<div>\n<h2>Kreditbed\u00f6mning<\/h2>\n<div>\n<p><span>Vi g\u00f6r en kreditbed\u00f6mning av er kund som ska betala fakturan.<\/span><\/p>\n<\/p>\n<\/div>\n<\/div>\n<div>03<\/div>\n<div>\n<h2>Ni f\u00e5r betalt f\u00f6r fakturan direkt<\/h2>\n<div>\n<p>Pengarna s\u00e4tts in p\u00e5 ert konto samma dag.<\/p>\n<p>Vi skickar vidare er original faktura till kunden med information om att <span>betalning sker till Finans Partners Bankgiro p\u00e5 f\u00f6rfallodagen. Vi hanterar eventuella p\u00e5minnelser och inkassokrav i samr\u00e5d med er och med h\u00f6g kvalitet i varje steg.\u00a0<\/span><\/p>\n<\/p>\n<\/div>\n<\/div>\n<p><!--more--><br \/>\n<!-- {\"type\":\"layout\",\"children\":[{\"type\":\"section\",\"props\":{\"header_transparent\":false,\"height\":\"section\",\"id\":\"home\",\"image_position\":\"center-center\",\"media_overlay\":\"rgba(66, 66, 66, 0.5)\",\"overlap\":false,\"padding\":\"small\",\"padding_remove_top\":false,\"preserve_color\":false,\"style\":\"muted\",\"text_color\":\"light\",\"title_breakpoint\":\"xl\",\"title_position\":\"top-left\",\"title_rotation\":\"left\",\"vertical_align\":\"middle\",\"video\":\"wp-content\\\/uploads\\\/2025\\\/03\\\/adobestock_video-1087422296.mp4\",\"width\":\"expand\"},\"children\":[{\"type\":\"row\",\"children\":[{\"type\":\"column\",\"props\":{\"image\":\"wp-content\\\/uploads\\\/2025\\\/03\\\/bg-slider1.jpg\",\"image_position\":\"center-center\",\"image_size\":\"cover\",\"padding\":\"none\",\"position_sticky_breakpoint\":\"m\",\"text_color\":\"light\"},\"children\":[{\"type\":\"fragment\",\"props\":{\"margin\":\"default\"},\"children\":[{\"type\":\"row\",\"props\":{\"column_gap\":\"large\"},\"children\":[{\"type\":\"column\",\"props\":{\"image_position\":\"center-center\",\"position_sticky_breakpoint\":\"m\"}}]},{\"type\":\"row\",\"props\":{\"css\":\"@media only screen and (max-width: 980px){\\n    .el-row{\\n    \\tpadding-left: 10px;\\n        padding-right: 10px;\\n        padding-bottom: 20px;\\n    }\\n}\",\"layout\":\"1-2,1-2\",\"row_gap\":\"large\",\"width\":\"large\"},\"children\":[{\"type\":\"column\",\"props\":{\"image_position\":\"center-center\",\"position_sticky_breakpoint\":\"m\",\"vertical_align\":\"bottom\",\"width_medium\":\"1-2\"},\"children\":[{\"type\":\"headline\",\"props\":{\"content\":\"Fakturak\\u00f6p \\u2013 s\\u00e4lj faktura och f\\u00e5 betalt direkt\",\"margin\":\"small\",\"title_element\":\"h1\"}},{\"type\":\"text\",\"props\":{\"column_breakpoint\":\"m\",\"content\":\"\n\n<p>F\\u00e5 betalt inom 24 timmar n\\u00e4r ni s\\u00e4ljer f\\u00f6retagets fakturor till oss p\\u00e5 Finans Partner.<\\\/p>\\n\n\n<p>Det \\u00e4r enkelt att skicka in fakturor till oss. Bifoga fakturorna som en eller fler PDF:er via mejl till <b>faktura@finans-partner.se<\\\/b> alternativt ladda upp fakturorna direkt i v\\u00e5r kundportal d\\u00e4r ni kan f\\u00f6lja hela processen i realtid samt finner avr\\u00e4kningsnotor f\\u00f6r varje s\\u00e5ld faktura till er bokf\\u00f6ring.\\u00a0<\\\/p>\",\"margin\":\"default\",\"maxwidth\":\"xlarge\",\"text_style\":\"large\"}},{\"type\":\"button\",\"props\":{\"button_size\":\"large\",\"grid_column_gap\":\"small\",\"grid_row_gap\":\"small\",\"margin\":\"medium\"},\"children\":[{\"type\":\"button_item\",\"props\":{\"button_style\":\"primary\",\"content\":\"Kontakta oss f\\u00f6r offert\",\"dialog_layout\":\"modal\",\"dialog_offcanvas_flip\":true,\"icon_align\":\"left\",\"link\":\"kontakta-oss\\\/\"}}]}]},{\"type\":\"column\",\"props\":{\"image_position\":\"center-center\",\"position_sticky_breakpoint\":\"m\",\"vertical_align\":\"middle\",\"width_medium\":\"1-2\"},\"children\":[{\"type\":\"image\",\"props\":{\"image\":\"\",\"image_svg_color\":\"emphasis\",\"margin\":\"default\"}}]}]}]}]}]}],\"name\":\"BANNER\"},{\"name\":\"Headline\",\"type\":\"section\",\"props\":{\"animation\":\"fade\",\"animation_delay\":\"200\",\"image_position\":\"center-center\",\"style\":\"default\",\"title_breakpoint\":\"xl\",\"title_position\":\"top-left\",\"title_rotation\":\"left\",\"vertical_align\":\"\",\"width\":\"default\"},\"children\":[{\"type\":\"row\",\"children\":[{\"type\":\"column\",\"props\":{\"image_position\":\"center-center\",\"position_sticky_breakpoint\":\"m\",\"width_medium\":\"1-1\"},\"children\":[{\"type\":\"headline\",\"props\":{\"content\":\"Fakturak\\u00f6p\",\"title_element\":\"h2\"}},{\"type\":\"text\",\"props\":{\"column_breakpoint\":\"m\",\"content\":\"\n\n<p>L\\u00e5nga betalningstider p\\u00e5 30\\u201390 dagar binder pengar och skapar on\\u00f6diga begr\\u00e4nsningar i vardagen f\\u00f6r m\\u00e5nga f\\u00f6retag.<\\\/p>\\n\n\n<p>P\\u00e5 Finans Partner erbjuder vi en enkel och trygg l\\u00f6sning: s\\u00e4lj f\\u00f6retagets fakturor till oss och frig\\u00f6r pengarna direkt. Det ger er handlingsutrymme att betala l\\u00f6pande kostnader, expandera och driva f\\u00f6retaget fram\\u00e5t \\u2013 utan att v\\u00e4nta p\\u00e5 era kunders betalningar.<\\\/p>\\n\n\n<p>Med \\u00f6ver 25 \\u00e5rs erfarenhet av fakturak\\u00f6p \\u00e4r vi en l\\u00e5ngsiktig partner som st\\u00e5r vid er sida n\\u00e4r ni beh\\u00f6ver stabilitet och snabbhet i ekonomin.<\\\/p>\",\"margin\":\"default\"}}]}]}]},{\"name\":\"Services\",\"type\":\"section\",\"props\":{\"animation_delay\":false,\"image_position\":\"center-center\",\"padding\":\"large\",\"padding_remove_top\":true,\"style\":\"default\",\"title_breakpoint\":\"xl\",\"title_position\":\"top-left\",\"title_rotation\":\"left\",\"vertical_align\":\"\",\"width\":\"default\"},\"children\":[{\"type\":\"row\",\"props\":{\"column_gap\":\"large\",\"layout\":\"1-2,1-2\",\"margin\":\"xlarge\",\"row_gap\":\"large\"},\"children\":[{\"type\":\"column\",\"props\":{\"image_position\":\"center-center\",\"position_sticky_breakpoint\":\"m\",\"width_medium\":\"1-2\"},\"children\":[{\"type\":\"headline\",\"props\":{\"content\":\"<span dir=\\\"auto\\\" style=\\\"vertical-align: inherit;\\\"><span dir=\\\"auto\\\" style=\\\"vertical-align: inherit;\\\">01<\\\/span><\\\/span>\",\"title_color\":\"primary\",\"title_element\":\"div\",\"title_style\":\"heading-medium\"}},{\"type\":\"panel\",\"props\":{\"content\":\"\n\n<p><span>Ni skickar er originalfaktura till oss som en PDF<\\\/span><\\\/p>\",\"content_column_breakpoint\":\"m\",\"icon_width\":80,\"image_align\":\"top\",\"image_grid_breakpoint\":\"m\",\"image_grid_width\":\"1-2\",\"image_svg_color\":\"emphasis\",\"link_style\":\"default\",\"link_text\":\"Read more\",\"margin\":\"default\",\"meta_align\":\"below-title\",\"meta_element\":\"div\",\"meta_style\":\"text-meta\",\"title\":\"Skicka fakturan till oss\",\"title_align\":\"top\",\"title_decoration\":\"line\",\"title_element\":\"h2\",\"title_grid_breakpoint\":\"m\",\"title_grid_width\":\"1-2\",\"title_hover_style\":\"reset\",\"title_style\":\"h3\"}},{\"type\":\"headline\",\"props\":{\"content\":\"<span dir=\\\"auto\\\" style=\\\"vertical-align: inherit;\\\"><span dir=\\\"auto\\\" style=\\\"vertical-align: inherit;\\\">02<\\\/span><\\\/span>\",\"title_color\":\"primary\",\"title_element\":\"div\",\"title_style\":\"heading-medium\"}},{\"type\":\"panel\",\"props\":{\"content\":\"\n\n<p><span>Vi g\\u00f6r en kreditbed\\u00f6mning av er kund som ska betala fakturan.<\\\/span><\\\/p>\\n\n\n<p><\\\/p>\",\"content_column_breakpoint\":\"m\",\"icon_width\":80,\"image_align\":\"top\",\"image_grid_breakpoint\":\"m\",\"image_grid_width\":\"1-2\",\"image_svg_color\":\"emphasis\",\"link_style\":\"default\",\"link_text\":\"Read more\",\"margin\":\"default\",\"meta\":\"\",\"meta_align\":\"below-title\",\"meta_element\":\"div\",\"meta_style\":\"text-meta\",\"title\":\"Kreditbed\\u00f6mning\",\"title_align\":\"top\",\"title_decoration\":\"line\",\"title_element\":\"h2\",\"title_grid_breakpoint\":\"m\",\"title_grid_width\":\"1-2\",\"title_hover_style\":\"reset\",\"title_style\":\"h3\"}}]},{\"type\":\"column\",\"props\":{\"image_position\":\"center-center\",\"position_sticky_breakpoint\":\"m\",\"width_medium\":\"1-2\"},\"children\":[{\"type\":\"headline\",\"props\":{\"content\":\"03\",\"title_color\":\"primary\",\"title_element\":\"div\",\"title_style\":\"heading-medium\"}},{\"type\":\"panel\",\"props\":{\"content\":\"\n\n<p>Pengarna s\\u00e4tts in p\\u00e5 ert konto samma dag.<\\\/p>\\n\n\n<p>Vi skickar vidare er original faktura till kunden med information om att <span>betalning sker till Finans Partners Bankgiro p\\u00e5 f\\u00f6rfallodagen. Vi hanterar eventuella p\\u00e5minnelser och inkassokrav i samr\\u00e5d med er och med h\\u00f6g kvalitet i varje steg.\\u00a0<\\\/span><\\\/p>\\n\n\n<p><\\\/p>\",\"content_column_breakpoint\":\"m\",\"icon_width\":80,\"image_align\":\"top\",\"image_grid_breakpoint\":\"m\",\"image_grid_width\":\"1-2\",\"image_svg_color\":\"emphasis\",\"link_style\":\"default\",\"link_text\":\"Read more\",\"margin\":\"default\",\"meta_align\":\"below-title\",\"meta_element\":\"div\",\"meta_style\":\"text-meta\",\"title\":\"Ni f\\u00e5r betalt f\\u00f6r fakturan direkt\",\"title_align\":\"top\",\"title_decoration\":\"line\",\"title_element\":\"h2\",\"title_grid_breakpoint\":\"m\",\"title_grid_width\":\"1-2\",\"title_hover_style\":\"reset\",\"title_style\":\"h3\"}}]}]}]}],\"version\":\"4.5.17\"} --><\/p>\n","protected":false},"excerpt":{"rendered":"<p>Fakturak\u00f6p \u2013 s\u00e4lj faktura och f\u00e5 betalt direkt F\u00e5 betalt inom 24 timmar n\u00e4r ni s\u00e4ljer f\u00f6retagets fakturor till oss p\u00e5 Finans Partner. Det \u00e4r enkelt att skicka in fakturor till oss. Bifoga fakturorna som en eller fler PDF:er via mejl till faktura@finans-partner.se alternativt ladda upp fakturorna direkt i v\u00e5r kundportal d\u00e4r ni kan f\u00f6lja [&hellip;]<\/p>\n","protected":false},"author":1,"featured_media":153,"parent":0,"menu_order":0,"comment_status":"closed","ping_status":"closed","template":"","meta":{"footnotes":""},"class_list":["post-8","page","type-page","status-publish","has-post-thumbnail","hentry"],"yoast_head":"<!-- This site is optimized with the Yoast SEO Premium plugin v24.6 (Yoast SEO v27.4) - https:\/\/yoast.com\/product\/yoast-seo-premium-wordpress\/ -->\n<title>S\u00e4lja faktura - Finans-partner.se Fakturak\u00f6p S\u00e4lja faktura<\/title>\n<meta name=\"description\" content=\"Skicka en f\u00f6rfr\u00e5gan om fakturak\u00f6p och factoring till oss och bli kund snabbt. Vi k\u00f6per din faktura och betalar ut 100% av beloppet samma dag.\" \/>\n<meta name=\"robots\" content=\"index, follow, max-snippet:-1, max-image-preview:large, max-video-preview:-1\" \/>\n<link rel=\"canonical\" href=\"https:\/\/finans-partner.se\/en\/salja-faktura\/\" \/>\n<meta property=\"og:locale\" content=\"en_GB\" \/>\n<meta property=\"og:type\" content=\"article\" \/>\n<meta property=\"og:title\" content=\"S\u00e4lja faktura s\u00e4lja faktura fakturak\u00f6p\" \/>\n<meta property=\"og:description\" content=\"Skicka en f\u00f6rfr\u00e5gan om fakturak\u00f6p och factoring till oss och bli kund snabbt. Vi k\u00f6per din faktura och betalar ut 100% av beloppet samma dag.\" \/>\n<meta property=\"og:url\" content=\"https:\/\/finans-partner.se\/en\/salja-faktura\/\" \/>\n<meta property=\"og:site_name\" content=\"Finans-partner.se\" \/>\n<meta property=\"article:publisher\" content=\"https:\/\/www.facebook.com\/profile.php?id=61573561375889\" \/>\n<meta property=\"article:modified_time\" content=\"2026-01-23T19:16:10+00:00\" \/>\n<meta property=\"og:image\" content=\"https:\/\/finans-partner.se\/wp-content\/uploads\/2025\/03\/LOGO-FINANS-PARTNER-v2.0.png\" \/>\n\t<meta property=\"og:image:width\" content=\"2297\" \/>\n\t<meta property=\"og:image:height\" content=\"1923\" \/>\n\t<meta property=\"og:image:type\" content=\"image\/png\" \/>\n<meta name=\"twitter:card\" content=\"summary_large_image\" \/>\n<meta name=\"twitter:label1\" content=\"Estimated reading time\" \/>\n\t<meta name=\"twitter:data1\" content=\"2 minutes\" \/>\n<script type=\"application\/ld+json\" class=\"yoast-schema-graph\">{\"@context\":\"https:\\\/\\\/schema.org\",\"@graph\":[{\"@type\":\"WebPage\",\"@id\":\"https:\\\/\\\/finans-partner.se\\\/salja-faktura\\\/\",\"url\":\"https:\\\/\\\/finans-partner.se\\\/salja-faktura\\\/\",\"name\":\"S\u00e4lja faktura - Finans-partner.se Fakturak\u00f6p S\u00e4lja faktura\",\"isPartOf\":{\"@id\":\"https:\\\/\\\/finans-partner.se\\\/#website\"},\"primaryImageOfPage\":{\"@id\":\"https:\\\/\\\/finans-partner.se\\\/salja-faktura\\\/#primaryimage\"},\"image\":{\"@id\":\"https:\\\/\\\/finans-partner.se\\\/salja-faktura\\\/#primaryimage\"},\"thumbnailUrl\":\"https:\\\/\\\/finans-partner.se\\\/wp-content\\\/uploads\\\/2025\\\/03\\\/LOGO-FINANS-PARTNER-v2.0.png\",\"datePublished\":\"2025-03-22T08:21:04+00:00\",\"dateModified\":\"2026-01-23T19:16:10+00:00\",\"description\":\"Skicka en f\u00f6rfr\u00e5gan om fakturak\u00f6p och factoring till oss och bli kund snabbt. Vi k\u00f6per din faktura och betalar ut 100% av beloppet samma dag.\",\"breadcrumb\":{\"@id\":\"https:\\\/\\\/finans-partner.se\\\/salja-faktura\\\/#breadcrumb\"},\"inLanguage\":\"en-GB\",\"potentialAction\":[{\"@type\":\"ReadAction\",\"target\":[\"https:\\\/\\\/finans-partner.se\\\/salja-faktura\\\/\"]}]},{\"@type\":\"ImageObject\",\"inLanguage\":\"en-GB\",\"@id\":\"https:\\\/\\\/finans-partner.se\\\/salja-faktura\\\/#primaryimage\",\"url\":\"https:\\\/\\\/finans-partner.se\\\/wp-content\\\/uploads\\\/2025\\\/03\\\/LOGO-FINANS-PARTNER-v2.0.png\",\"contentUrl\":\"https:\\\/\\\/finans-partner.se\\\/wp-content\\\/uploads\\\/2025\\\/03\\\/LOGO-FINANS-PARTNER-v2.0.png\",\"width\":2297,\"height\":1923,\"caption\":\"Kontakta Finans Partner \u2013 fakturak\u00f6p och f\u00f6retagsl\u00e5n f\u00f6r alla branscher\"},{\"@type\":\"BreadcrumbList\",\"@id\":\"https:\\\/\\\/finans-partner.se\\\/salja-faktura\\\/#breadcrumb\",\"itemListElement\":[{\"@type\":\"ListItem\",\"position\":1,\"name\":\"Home\",\"item\":\"https:\\\/\\\/finans-partner.se\\\/\"},{\"@type\":\"ListItem\",\"position\":2,\"name\":\"S\u00e4lja faktura\"}]},{\"@type\":\"WebSite\",\"@id\":\"https:\\\/\\\/finans-partner.se\\\/#website\",\"url\":\"https:\\\/\\\/finans-partner.se\\\/\",\"name\":\"Finans Partner\",\"description\":\"S\u00e4lj dina fakturor snabbt och enkelt med Finans Partner.\",\"publisher\":{\"@id\":\"https:\\\/\\\/finans-partner.se\\\/#organization\"},\"alternateName\":\"Finans Partner\",\"potentialAction\":[{\"@type\":\"SearchAction\",\"target\":{\"@type\":\"EntryPoint\",\"urlTemplate\":\"https:\\\/\\\/finans-partner.se\\\/?s={search_term_string}\"},\"query-input\":{\"@type\":\"PropertyValueSpecification\",\"valueRequired\":true,\"valueName\":\"search_term_string\"}}],\"inLanguage\":\"en-GB\"},{\"@type\":\"Organization\",\"@id\":\"https:\\\/\\\/finans-partner.se\\\/#organization\",\"name\":\"Finans Partner Scandinavia AB\",\"alternateName\":\"Finans Partner Scandinavia AB\",\"url\":\"https:\\\/\\\/finans-partner.se\\\/\",\"logo\":{\"@type\":\"ImageObject\",\"inLanguage\":\"en-GB\",\"@id\":\"https:\\\/\\\/finans-partner.se\\\/#\\\/schema\\\/logo\\\/image\\\/\",\"url\":\"https:\\\/\\\/finans-partner.se\\\/wp-content\\\/uploads\\\/2025\\\/03\\\/LOGO-FINANS-PARTNER-v2.0.png\",\"contentUrl\":\"https:\\\/\\\/finans-partner.se\\\/wp-content\\\/uploads\\\/2025\\\/03\\\/LOGO-FINANS-PARTNER-v2.0.png\",\"width\":2297,\"height\":1923,\"caption\":\"Finans Partner Scandinavia AB\"},\"image\":{\"@id\":\"https:\\\/\\\/finans-partner.se\\\/#\\\/schema\\\/logo\\\/image\\\/\"},\"sameAs\":[\"https:\\\/\\\/www.facebook.com\\\/profile.php?id=61573561375889\"]}]}<\/script>\n<!-- \/ Yoast SEO Premium plugin. -->","yoast_head_json":{"title":"S\u00e4lja faktura - Finans-partner.se Fakturak\u00f6p S\u00e4lja faktura","description":"Skicka en f\u00f6rfr\u00e5gan om fakturak\u00f6p och factoring till oss och bli kund snabbt. Vi k\u00f6per din faktura och betalar ut 100% av beloppet samma dag.","robots":{"index":"index","follow":"follow","max-snippet":"max-snippet:-1","max-image-preview":"max-image-preview:large","max-video-preview":"max-video-preview:-1"},"canonical":"https:\/\/finans-partner.se\/en\/salja-faktura\/","og_locale":"en_GB","og_type":"article","og_title":"S\u00e4lja faktura s\u00e4lja faktura fakturak\u00f6p","og_description":"Skicka en f\u00f6rfr\u00e5gan om fakturak\u00f6p och factoring till oss och bli kund snabbt. Vi k\u00f6per din faktura och betalar ut 100% av beloppet samma dag.","og_url":"https:\/\/finans-partner.se\/en\/salja-faktura\/","og_site_name":"Finans-partner.se","article_publisher":"https:\/\/www.facebook.com\/profile.php?id=61573561375889","article_modified_time":"2026-01-23T19:16:10+00:00","og_image":[{"width":2297,"height":1923,"url":"https:\/\/finans-partner.se\/wp-content\/uploads\/2025\/03\/LOGO-FINANS-PARTNER-v2.0.png","type":"image\/png"}],"twitter_card":"summary_large_image","twitter_misc":{"Estimated reading time":"2 minutes"},"schema":{"@context":"https:\/\/schema.org","@graph":[{"@type":"WebPage","@id":"https:\/\/finans-partner.se\/salja-faktura\/","url":"https:\/\/finans-partner.se\/salja-faktura\/","name":"S\u00e4lja faktura - Finans-partner.se Fakturak\u00f6p S\u00e4lja faktura","isPartOf":{"@id":"https:\/\/finans-partner.se\/#website"},"primaryImageOfPage":{"@id":"https:\/\/finans-partner.se\/salja-faktura\/#primaryimage"},"image":{"@id":"https:\/\/finans-partner.se\/salja-faktura\/#primaryimage"},"thumbnailUrl":"https:\/\/finans-partner.se\/wp-content\/uploads\/2025\/03\/LOGO-FINANS-PARTNER-v2.0.png","datePublished":"2025-03-22T08:21:04+00:00","dateModified":"2026-01-23T19:16:10+00:00","description":"Skicka en f\u00f6rfr\u00e5gan om fakturak\u00f6p och factoring till oss och bli kund snabbt. Vi k\u00f6per din faktura och betalar ut 100% av beloppet samma dag.","breadcrumb":{"@id":"https:\/\/finans-partner.se\/salja-faktura\/#breadcrumb"},"inLanguage":"en-GB","potentialAction":[{"@type":"ReadAction","target":["https:\/\/finans-partner.se\/salja-faktura\/"]}]},{"@type":"ImageObject","inLanguage":"en-GB","@id":"https:\/\/finans-partner.se\/salja-faktura\/#primaryimage","url":"https:\/\/finans-partner.se\/wp-content\/uploads\/2025\/03\/LOGO-FINANS-PARTNER-v2.0.png","contentUrl":"https:\/\/finans-partner.se\/wp-content\/uploads\/2025\/03\/LOGO-FINANS-PARTNER-v2.0.png","width":2297,"height":1923,"caption":"Kontakta Finans Partner \u2013 fakturak\u00f6p och f\u00f6retagsl\u00e5n f\u00f6r alla branscher"},{"@type":"BreadcrumbList","@id":"https:\/\/finans-partner.se\/salja-faktura\/#breadcrumb","itemListElement":[{"@type":"ListItem","position":1,"name":"Home","item":"https:\/\/finans-partner.se\/"},{"@type":"ListItem","position":2,"name":"S\u00e4lja faktura"}]},{"@type":"WebSite","@id":"https:\/\/finans-partner.se\/#website","url":"https:\/\/finans-partner.se\/","name":"Finance Partner","description":"Sell your invoices quickly and easily with Finans Partner.","publisher":{"@id":"https:\/\/finans-partner.se\/#organization"},"alternateName":"Finans Partner","potentialAction":[{"@type":"SearchAction","target":{"@type":"EntryPoint","urlTemplate":"https:\/\/finans-partner.se\/?s={search_term_string}"},"query-input":{"@type":"PropertyValueSpecification","valueRequired":true,"valueName":"search_term_string"}}],"inLanguage":"en-GB"},{"@type":"Organization","@id":"https:\/\/finans-partner.se\/#organization","name":"Finance Partner Scandinavia AB","alternateName":"Finans Partner Scandinavia AB","url":"https:\/\/finans-partner.se\/","logo":{"@type":"ImageObject","inLanguage":"en-GB","@id":"https:\/\/finans-partner.se\/#\/schema\/logo\/image\/","url":"https:\/\/finans-partner.se\/wp-content\/uploads\/2025\/03\/LOGO-FINANS-PARTNER-v2.0.png","contentUrl":"https:\/\/finans-partner.se\/wp-content\/uploads\/2025\/03\/LOGO-FINANS-PARTNER-v2.0.png","width":2297,"height":1923,"caption":"Finans Partner Scandinavia AB"},"image":{"@id":"https:\/\/finans-partner.se\/#\/schema\/logo\/image\/"},"sameAs":["https:\/\/www.facebook.com\/profile.php?id=61573561375889"]}]}},"_links":{"self":[{"href":"https:\/\/finans-partner.se\/en\/wp-json\/wp\/v2\/pages\/8","targetHints":{"allow":["GET"]}}],"collection":[{"href":"https:\/\/finans-partner.se\/en\/wp-json\/wp\/v2\/pages"}],"about":[{"href":"https:\/\/finans-partner.se\/en\/wp-json\/wp\/v2\/types\/page"}],"author":[{"embeddable":true,"href":"https:\/\/finans-partner.se\/en\/wp-json\/wp\/v2\/users\/1"}],"replies":[{"embeddable":true,"href":"https:\/\/finans-partner.se\/en\/wp-json\/wp\/v2\/comments?post=8"}],"version-history":[{"count":58,"href":"https:\/\/finans-partner.se\/en\/wp-json\/wp\/v2\/pages\/8\/revisions"}],"predecessor-version":[{"id":796,"href":"https:\/\/finans-partner.se\/en\/wp-json\/wp\/v2\/pages\/8\/revisions\/796"}],"wp:featuredmedia":[{"embeddable":true,"href":"https:\/\/finans-partner.se\/en\/wp-json\/wp\/v2\/media\/153"}],"wp:attachment":[{"href":"https:\/\/finans-partner.se\/en\/wp-json\/wp\/v2\/media?parent=8"}],"curies":[{"name":"wp","href":"https:\/\/api.w.org\/{rel}","templated":true}]}}